{"id":2359,"date":"2021-12-23T10:53:01","date_gmt":"2021-12-23T09:53:01","guid":{"rendered":"https:\/\/2poolsin1.fr\/nos-partenaires\/"},"modified":"2022-11-24T15:23:45","modified_gmt":"2022-11-24T14:23:45","slug":"unsere-partner","status":"publish","type":"page","link":"https:\/\/2poolsin1.fr\/de\/unsere-partner\/","title":{"rendered":"UNSERE PARTNER"},"content":{"rendered":"<div class=\"wpb-content-wrapper\"><p>[vc_row full_width=&#8220;stretch_row_content&#8220; css=&#8220;.vc_custom_1644059597106{background-position: center !important;background-repeat: no-repeat !important;background-size: cover !important;}&#8220;][vc_column css=&#8220;.vc_custom_1644059551630{margin-top: 50px !important;margin-bottom: 30px !important;}&#8220;]<div id=\"ultimate-heading-640269d2add826c46\" class=\"uvc-heading ult-adjust-bottom-margin ultimate-heading-640269d2add826c46 uvc-4893  uvc-heading-default-font-sizes\" data-hspacer=\"line_only\"  data-halign=\"center\" style=\"text-align:center\"><div class=\"uvc-main-heading ult-responsive\"  data-ultimate-target='.uvc-heading.ultimate-heading-640269d2add826c46 h2'  data-responsive-json-new='{\"font-size\":\"\",\"line-height\":\"\"}' ><h2 style=\"--font-weight:theme;margin-bottom:10px;\">Unsere Partner<\/h2><\/div><div class=\"uvc-heading-spacer line_only\" style=\"topheight:5px;\"><span class=\"uvc-headings-line\" style=\"border-style:solid;border-bottom-width:5px;border-color:#7acdf4;width:30px;\"><\/span><\/div><\/div>[\/vc_column][\/vc_row][vc_row gap=&#8220;30&#8243; equal_height=&#8220;yes&#8220; css=&#8220;.vc_custom_1643819342671{margin-bottom: 0px !important;}&#8220;][vc_column][vc_column_text]<\/p>\n<h3 style=\"text-align: center;\">2POOLSIN1 st\u00fctzt sich auf die Expertise von vertrauensw\u00fcrdigen Partnern um die Schwimmb\u00e4der und deren beweglichen Strukturen zu entwerfen:<\/h3>\n<p>[\/vc_column_text][\/vc_column][\/vc_row][vc_row gap=&#8220;30&#8243; equal_height=&#8220;yes&#8220; css=&#8220;.vc_custom_1643819580818{margin-top: 0px !important;}&#8220;][vc_column]<div id=\"ultimate-heading-311869d2add826cd5\" class=\"uvc-heading ult-adjust-bottom-margin ultimate-heading-311869d2add826cd5 uvc-1829  uvc-heading-default-font-sizes\" data-hspacer=\"no_spacer\"  data-halign=\"center\" style=\"text-align:center\"><div class=\"uvc-heading-spacer no_spacer\" style=\"top\"><\/div><div class=\"uvc-main-heading ult-responsive\"  data-ultimate-target='.uvc-heading.ultimate-heading-311869d2add826cd5 h2'  data-responsive-json-new='{\"font-size\":\"\",\"line-height\":\"\"}' ><h2 style=\"--font-weight:theme;color:#7acdf4;\">Swimmingpool und beweglicher Boden<\/h2><\/div><\/div>[\/vc_column][vc_column width=&#8220;1\/4&#8243;]<style type=\"text\/css\" data-type=\"the7_shortcodes-inline-css\">.shortcode-single-image-wrap.shortcode-single-image-4d3fa06d7872efbaa817520b37ee6e07.enable-bg-rollover .rollover i,\n.shortcode-single-image-wrap.shortcode-single-image-4d3fa06d7872efbaa817520b37ee6e07.enable-bg-rollover .rollover-video i {\n  background: -webkit-linear-gradient();\n  background: linear-gradient();\n}\n.shortcode-single-image-wrap.shortcode-single-image-4d3fa06d7872efbaa817520b37ee6e07 .rollover-icon {\n  font-size: 32px;\n  color: #ffffff;\n  min-width: 44px;\n  min-height: 44px;\n  line-height: 44px;\n  border-radius: 100px;\n  border-style: solid;\n  border-width: 0px;\n}\n.dt-icon-bg-on.shortcode-single-image-wrap.shortcode-single-image-4d3fa06d7872efbaa817520b37ee6e07 .rollover-icon {\n  background: rgba(255,255,255,0.3);\n  box-shadow: none;\n}<\/style><div class=\"shortcode-single-image-wrap shortcode-single-image-4d3fa06d7872efbaa817520b37ee6e07 alignnone  vc_custom_1643819308530 enable-bg-rollover dt-icon-bg-off\" ><div class=\"shortcode-single-image\"><div class=\"fancy-media-wrap  layzr-bg\" style=\"\"><img fetchpriority=\"high\" decoding=\"async\" class=\"preload-me lazy-load aspect\" src=\"data:image\/svg+xml,%3Csvg%20xmlns%3D&#39;http%3A%2F%2Fwww.w3.org%2F2000%2Fsvg&#39;%20viewBox%3D&#39;0%200%20375%20179&#39;%2F%3E\" data-src=\"https:\/\/2poolsin1.fr\/wp-content\/uploads\/2021\/12\/aqualift.png\" data-srcset=\"https:\/\/2poolsin1.fr\/wp-content\/uploads\/2021\/12\/aqualift.png 375w\" loading=\"eager\" sizes=\"(max-width: 375px) 100vw, 375px\" width=\"375\" height=\"179\"  data-dt-location=\"https:\/\/2poolsin1.fr\/de\/home\/aqualift\/\" style=\"--ratio: 375 \/ 179;\" alt=\"\" \/><\/div><\/div><\/div>[\/vc_column][vc_column width=&#8220;3\/4&#8243;][vc_column_text css=&#8220;.vc_custom_1668702212197{border-left-width: 2px !important;padding-right: 30px !important;padding-left: 30px !important;border-left-color: #7acdf4 !important;border-left-style: solid !important;}&#8220;]<\/p>\n<h3>Aqualift<\/h3>\n<p>Dieses Unternehmen wurde 2004 gegr\u00fcndet und vermarktet absenkbare Edelstahlb\u00f6den f\u00fcr Swimmingpools sowie werksseitig vormontierte, komplette Swimmingpools mit integriertem beweglichem Boden.<\/p>\n<p>Aqualift ist in diesem Bereich weltweit f\u00fchrend.<\/p>\n<p>Diese Produkte richten sich an eine wohlhabende Kundschaft. AQUALIFT ist in Frankreich und den angrenzenden europ\u00e4ischen L\u00e4ndern t\u00e4tig, wobei seit einigen Jahren eine starke internationale Entwicklung zu verzeichnen ist.<\/p>\n<p>Der Umsatz betr\u00e4gt ca. 5.000.000 \u20ac, die Belegschaft besteht aus ca. 30 Mitarbeiter.[\/vc_column_text][vc_column_text css=&#8220;.vc_custom_1643817935831{border-left-width: 2px !important;padding-top: 10px !important;padding-right: 30px !important;padding-bottom: 10px !important;padding-left: 30px !important;background-color: #f7f7f7 !important;border-left-color: #4c4c4c !important;border-left-style: solid !important;}&#8220;]<strong>Aqualift Industrie<\/strong> 8, rue Cl\u00e9ment Ader &#8211; 77230 Dammartin-en-Go\u00eble<br \/>\n<a href=\"https:\/\/www.fond-mobile-aqualift.com\/fr\/\">https:\/\/www.fond-mobile-aqualift.com\/fr\/<\/a>[\/vc_column_text][\/vc_column][\/vc_row][vc_row][vc_column][vc_separator border_width=&#8220;2&#8243; el_width=&#8220;50&#8243; css=&#8220;.vc_custom_1643819771578{margin-top: 30px !important;margin-bottom: 30px !important;}&#8220;][\/vc_column][\/vc_row][vc_row gap=&#8220;30&#8243; equal_height=&#8220;yes&#8220; css=&#8220;.vc_custom_1643819205839{margin-top: 50px !important;}&#8220;][vc_column]<div id=\"ultimate-heading-415969d2add827ecf\" class=\"uvc-heading ult-adjust-bottom-margin ultimate-heading-415969d2add827ecf uvc-9125  uvc-heading-default-font-sizes\" data-hspacer=\"no_spacer\"  data-halign=\"center\" style=\"text-align:center\"><div class=\"uvc-heading-spacer no_spacer\" style=\"top\"><\/div><div class=\"uvc-main-heading ult-responsive\"  data-ultimate-target='.uvc-heading.ultimate-heading-415969d2add827ecf h2'  data-responsive-json-new='{\"font-size\":\"\",\"line-height\":\"\"}' ><h2 style=\"--font-weight:theme;color:#7acdf4;\">Holzhaus<\/h2><\/div><\/div>[\/vc_column][vc_column width=&#8220;1\/4&#8243;]<style type=\"text\/css\" data-type=\"the7_shortcodes-inline-css\">.shortcode-single-image-wrap.shortcode-single-image-264b41b5abb6154c2d91491c24f075cb.enable-bg-rollover .rollover i,\n.shortcode-single-image-wrap.shortcode-single-image-264b41b5abb6154c2d91491c24f075cb.enable-bg-rollover .rollover-video i {\n  background: -webkit-linear-gradient();\n  background: linear-gradient();\n}\n.shortcode-single-image-wrap.shortcode-single-image-264b41b5abb6154c2d91491c24f075cb .rollover-icon {\n  font-size: 32px;\n  color: #ffffff;\n  min-width: 44px;\n  min-height: 44px;\n  line-height: 44px;\n  border-radius: 100px;\n  border-style: solid;\n  border-width: 0px;\n}\n.dt-icon-bg-on.shortcode-single-image-wrap.shortcode-single-image-264b41b5abb6154c2d91491c24f075cb .rollover-icon {\n  background: rgba(255,255,255,0.3);\n  box-shadow: none;\n}<\/style><div class=\"shortcode-single-image-wrap shortcode-single-image-264b41b5abb6154c2d91491c24f075cb alignnone  vc_custom_1644011664346 enable-bg-rollover dt-icon-bg-off\" ><div class=\"shortcode-single-image\"><div class=\"fancy-media-wrap  layzr-bg\" style=\"\"><img decoding=\"async\" class=\"preload-me lazy-load aspect\" src=\"data:image\/svg+xml,%3Csvg%20xmlns%3D&#39;http%3A%2F%2Fwww.w3.org%2F2000%2Fsvg&#39;%20viewBox%3D&#39;0%200%20375%20179&#39;%2F%3E\" data-src=\"https:\/\/2poolsin1.fr\/wp-content\/uploads\/2021\/12\/ossature-bois.png\" data-srcset=\"https:\/\/2poolsin1.fr\/wp-content\/uploads\/2021\/12\/ossature-bois.png 375w\" loading=\"eager\" sizes=\"(max-width: 375px) 100vw, 375px\" width=\"375\" height=\"179\"  data-dt-location=\"https:\/\/2poolsin1.fr\/de\/home\/ossature-bois\/\" style=\"--ratio: 375 \/ 179;\" alt=\"\" \/><\/div><\/div><\/div>[\/vc_column][vc_column width=&#8220;3\/4&#8243;][vc_column_text css=&#8220;.vc_custom_1668702217863{border-left-width: 2px !important;padding-right: 30px !important;padding-left: 30px !important;border-left-color: #7acdf4 !important;border-left-style: solid !important;}&#8220;]<\/p>\n<h3>Ossaturbois<\/h3>\n<p>Diese Firma baut seit 1985 Holzh\u00e4user in der Region Baronnies.<\/p>\n<p>Einer der beiden Gesch\u00e4ftsf\u00fchrer und einer der Teamleiter wurden von den &#8222;Compagnons du devoir&#8220; ausgebildet.<\/p>\n<p>Die Firma verf\u00fcgt \u00fcber ein integriertes Konstruktionsb\u00fcro, das mit CAD\/CAM- und Statiksoftware ausgestattet ist.<\/p>\n<p>Der Umsatz betr\u00e4gt ca. 1.200.000 \u20ac, die Belegschaft besteht aus 12 Mitarbeitern.[\/vc_column_text][vc_column_text css=&#8220;.vc_custom_1643817904040{border-left-width: 2px !important;padding-top: 10px !important;padding-right: 30px !important;padding-bottom: 10px !important;padding-left: 30px !important;background-color: #f7f7f7 !important;border-left-color: #4c4c4c !important;border-left-style: solid !important;}&#8220;]<strong>Ossaturbois <\/strong>Lieu-dit Cost &#8211; 26170 Buis les Baronnies<br \/>\n<a href=\"https:\/\/ossaturbois.com\/fr\/\">https:\/\/ossaturbois.com\/fr\/<\/a>[\/vc_column_text][\/vc_column][\/vc_row][vc_row][vc_column][vc_separator border_width=&#8220;2&#8243; el_width=&#8220;50&#8243; css=&#8220;.vc_custom_1643819771578{margin-top: 30px !important;margin-bottom: 30px !important;}&#8220;][\/vc_column][\/vc_row][vc_row gap=&#8220;30&#8243; equal_height=&#8220;yes&#8220; css=&#8220;.vc_custom_1643817942235{margin-top: 50px !important;}&#8220;][vc_column]<div id=\"ultimate-heading-444569d2add828ae7\" class=\"uvc-heading ult-adjust-bottom-margin ultimate-heading-444569d2add828ae7 uvc-6736  uvc-heading-default-font-sizes\" data-hspacer=\"no_spacer\"  data-halign=\"center\" style=\"text-align:center\"><div class=\"uvc-heading-spacer no_spacer\" style=\"top\"><\/div><div class=\"uvc-main-heading ult-responsive\"  data-ultimate-target='.uvc-heading.ultimate-heading-444569d2add828ae7 h2'  data-responsive-json-new='{\"font-size\":\"\",\"line-height\":\"\"}' ><h2 style=\"--font-weight:theme;color:#7acdf4;\">Architektur<\/h2><\/div><\/div>[\/vc_column][vc_column width=&#8220;1\/4&#8243;]<style type=\"text\/css\" data-type=\"the7_shortcodes-inline-css\">.shortcode-single-image-wrap.shortcode-single-image-ad87aca770ef8493fbbc32d089eb85c2.enable-bg-rollover .rollover i,\n.shortcode-single-image-wrap.shortcode-single-image-ad87aca770ef8493fbbc32d089eb85c2.enable-bg-rollover .rollover-video i {\n  background: -webkit-linear-gradient();\n  background: linear-gradient();\n}\n.shortcode-single-image-wrap.shortcode-single-image-ad87aca770ef8493fbbc32d089eb85c2 .rollover-icon {\n  font-size: 32px;\n  color: #ffffff;\n  min-width: 44px;\n  min-height: 44px;\n  line-height: 44px;\n  border-radius: 100px;\n  border-style: solid;\n  border-width: 0px;\n}\n.dt-icon-bg-on.shortcode-single-image-wrap.shortcode-single-image-ad87aca770ef8493fbbc32d089eb85c2 .rollover-icon {\n  background: rgba(255,255,255,0.3);\n  box-shadow: none;\n}<\/style><div class=\"shortcode-single-image-wrap shortcode-single-image-ad87aca770ef8493fbbc32d089eb85c2 alignnone  vc_custom_1643818185844 enable-bg-rollover dt-icon-bg-off\" ><div class=\"shortcode-single-image\"><div class=\"fancy-media-wrap  layzr-bg\" style=\"\"><img decoding=\"async\" class=\"preload-me lazy-load aspect\" src=\"data:image\/svg+xml,%3Csvg%20xmlns%3D&#39;http%3A%2F%2Fwww.w3.org%2F2000%2Fsvg&#39;%20viewBox%3D&#39;0%200%20251%20179&#39;%2F%3E\" data-src=\"https:\/\/2poolsin1.fr\/wp-content\/uploads\/2021\/12\/arthur.png\" data-srcset=\"https:\/\/2poolsin1.fr\/wp-content\/uploads\/2021\/12\/arthur.png 251w\" loading=\"eager\" sizes=\"(max-width: 251px) 100vw, 251px\" width=\"251\" height=\"179\"  data-dt-location=\"https:\/\/2poolsin1.fr\/de\/home\/arthur\/\" style=\"--ratio: 251 \/ 179;\" alt=\"\" \/><\/div><\/div><\/div>[\/vc_column][vc_column width=&#8220;3\/4&#8243;][vc_column_text css=&#8220;.vc_custom_1668702277064{border-left-width: 2px !important;padding-right: 30px !important;padding-left: 30px !important;border-left-color: #7acdf4 !important;border-left-style: solid !important;}&#8220;]<\/p>\n<h3>Architekturb\u00fcro Art&#8217;Ur<\/h3>\n<p>Dieses Architekturb\u00fcro hat mehrere gro\u00dfe Freizeit- und Wassersportprojekte gebaut, vor allem f\u00fcr Club Med und Center Parcs.<\/p>\n<p>Das B\u00fcro Art&#8217;Ur hat zwei Niederlassungen in Frankreich, in Paris und Bordeaux.<\/p>\n<p>Zu ihren Projekten z\u00e4hlen das Hilton Hotel in Hanoi, das Hotel du D\u00e9partement in Bordeaux, die Center Parks in Moselle, Vienne und Lot et Garonne sowie das Maison 14 (bioklimatisches Geb\u00e4ude auf dem Place Denfert-Rochereau in Paris).<\/p>\n<p>Zu den aktuellen Bauprojekten geh\u00f6ren ein Center Park in D\u00e4nemark und ein weiterer in China.<\/p>\n<p>Der Umsatz betr\u00e4gt ca. 1.200.000 \u20ac, die Belegschaft besteht aus 12 Mitarbeitern.[\/vc_column_text][vc_column_text css=&#8220;.vc_custom_1643818145883{border-left-width: 2px !important;padding-top: 10px !important;padding-right: 30px !important;padding-bottom: 10px !important;padding-left: 30px !important;background-color: #f7f7f7 !important;border-left-color: #4c4c4c !important;border-left-style: solid !important;}&#8220;]<strong>Cabinet architecture Art\u2019 Ur <\/strong>32, Rue Saint Didier &#8211; 75116 Paris<br \/>\n<a href=\"https:\/\/artur.archi\/\">https:\/\/artur.archi\/<\/a>[\/vc_column_text][\/vc_column][\/vc_row][vc_row][vc_column][vc_separator border_width=&#8220;2&#8243; el_width=&#8220;50&#8243; css=&#8220;.vc_custom_1643819771578{margin-top: 30px !important;margin-bottom: 30px !important;}&#8220;][\/vc_column][\/vc_row][vc_row gap=&#8220;30&#8243; equal_height=&#8220;yes&#8220; css=&#8220;.vc_custom_1643817942235{margin-top: 50px !important;}&#8220;][vc_column]<div id=\"ultimate-heading-385269d2add829688\" class=\"uvc-heading ult-adjust-bottom-margin ultimate-heading-385269d2add829688 uvc-8893  uvc-heading-default-font-sizes\" data-hspacer=\"no_spacer\"  data-halign=\"center\" style=\"text-align:center\"><div class=\"uvc-heading-spacer no_spacer\" style=\"top\"><\/div><div class=\"uvc-main-heading ult-responsive\"  data-ultimate-target='.uvc-heading.ultimate-heading-385269d2add829688 h2'  data-responsive-json-new='{\"font-size\":\"\",\"line-height\":\"\"}' ><h2 style=\"--font-weight:theme;color:#7acdf4;\">Tragstruktur und Translationsmechanik<\/h2><\/div><\/div>[\/vc_column][vc_column width=&#8220;1\/4&#8243;]<style type=\"text\/css\" data-type=\"the7_shortcodes-inline-css\">.shortcode-single-image-wrap.shortcode-single-image-1e13242ba7d64ab5f412a4d939b3ff89.enable-bg-rollover .rollover i,\n.shortcode-single-image-wrap.shortcode-single-image-1e13242ba7d64ab5f412a4d939b3ff89.enable-bg-rollover .rollover-video i {\n  background: -webkit-linear-gradient();\n  background: linear-gradient();\n}\n.shortcode-single-image-wrap.shortcode-single-image-1e13242ba7d64ab5f412a4d939b3ff89 .rollover-icon {\n  font-size: 32px;\n  color: #ffffff;\n  min-width: 44px;\n  min-height: 44px;\n  line-height: 44px;\n  border-radius: 100px;\n  border-style: solid;\n  border-width: 0px;\n}\n.dt-icon-bg-on.shortcode-single-image-wrap.shortcode-single-image-1e13242ba7d64ab5f412a4d939b3ff89 .rollover-icon {\n  background: rgba(255,255,255,0.3);\n  box-shadow: none;\n}<\/style><div class=\"shortcode-single-image-wrap shortcode-single-image-1e13242ba7d64ab5f412a4d939b3ff89 alignnone  vc_custom_1643818230919 enable-bg-rollover dt-icon-bg-off\" ><div class=\"shortcode-single-image\"><div class=\"fancy-media-wrap  layzr-bg\" style=\"\"><img decoding=\"async\" class=\"preload-me lazy-load aspect\" src=\"data:image\/svg+xml,%3Csvg%20xmlns%3D&#39;http%3A%2F%2Fwww.w3.org%2F2000%2Fsvg&#39;%20viewBox%3D&#39;0%200%20375%20179&#39;%2F%3E\" data-src=\"https:\/\/2poolsin1.fr\/wp-content\/uploads\/2021\/12\/michel-legras.png\" data-srcset=\"https:\/\/2poolsin1.fr\/wp-content\/uploads\/2021\/12\/michel-legras.png 375w\" loading=\"eager\" sizes=\"(max-width: 375px) 100vw, 375px\" width=\"375\" height=\"179\"  data-dt-location=\"https:\/\/2poolsin1.fr\/de\/home\/michel-legras\/\" style=\"--ratio: 375 \/ 179;\" alt=\"\" \/><\/div><\/div><\/div>[\/vc_column][vc_column width=&#8220;3\/4&#8243;][vc_column_text css=&#8220;.vc_custom_1668702372184{border-left-width: 2px !important;padding-right: 30px !important;padding-left: 30px !important;border-left-color: #7acdf4 !important;border-left-style: solid !important;}&#8220;]<\/p>\n<h3>Konstruktionsb\u00fcro Michel LEGRAS<\/h3>\n<p>Michel LEGRAS ist Ingenieur Arts et M\u00e9tiers und hat Erfahrung mit mechanischen Entw\u00fcrfen f\u00fcr Translationssysteme. Das Konstruktionsb\u00fcro Michel LEGRAS besteht seit 26 Jahren.<\/p>\n<p>Als technischer Leiter war er an der Konzeption der B\u00fchne des Lido in Paris beteiligt.<\/p>\n<p>Zuletzt arbeitete er f\u00fcr die EIFFAGE-Gruppe am neuen Ariane-6-Raketenabschussplatz in Kourou (Translation der H\u00fcllstruktur der Rakete, die etwa 7000 Tonnen wiegt).[\/vc_column_text][vc_column_text css=&#8220;.vc_custom_1643818408931{border-left-width: 2px !important;padding-top: 10px !important;padding-right: 30px !important;padding-bottom: 10px !important;padding-left: 30px !important;background-color: #f7f7f7 !important;border-left-color: #4c4c4c !important;border-left-style: solid !important;}&#8220;]<strong>Bureau d\u2019\u00e9tude Michel LEGRAS <\/strong>13, Climat de Toury &#8211; 45210 NARGIS<br \/>\n<a href=\"https:\/\/www.linkedin.com\/in\/michel-legras-411a3354\/?originalSubdomain=fr\">https:\/\/www.linkedin.com\/in\/michel-legras<\/a>[\/vc_column_text][\/vc_column][\/vc_row][vc_row][vc_column][vc_empty_space height=&#8220;50px&#8220;][\/vc_column][\/vc_row]<\/p>\n<\/div>","protected":false},"excerpt":{"rendered":"<p>[vc_row full_width=&#8220;stretch_row_content&#8220; css=&#8220;.vc_custom_1644059597106{background-position: center !important;background-repeat: no-repeat !important;background-size: cover !important;}&#8220;][vc_column css=&#8220;.vc_custom_1644059551630{margin-top: 50px !important;margin-bottom: 30px !important;}&#8220;][\/vc_column][\/vc_row][vc_row gap=&#8220;30&#8243; equal_height=&#8220;yes&#8220; css=&#8220;.vc_custom_1643819342671{margin-bottom: 0px !important;}&#8220;][vc_column][vc_column_text] 2POOLSIN1 st\u00fctzt sich auf die Expertise von vertrauensw\u00fcrdigen Partnern um die Schwimmb\u00e4der und deren beweglichen Strukturen zu entwerfen: [\/vc_column_text][\/vc_column][\/vc_row][vc_row gap=&#8220;30&#8243; equal_height=&#8220;yes&#8220; css=&#8220;.vc_custom_1643819580818{margin-top: 0px !important;}&#8220;][vc_column][\/vc_column][vc_column width=&#8220;1\/4&#8243;][\/vc_column][vc_column width=&#8220;3\/4&#8243;][vc_column_text css=&#8220;.vc_custom_1668702212197{border-left-width: 2px !important;padding-right: 30px !important;padding-left: 30px !important;border-left-color: #7acdf4 !important;border-left-style: solid&hellip;<\/p>\n","protected":false},"author":1,"featured_media":0,"parent":0,"menu_order":0,"comment_status":"closed","ping_status":"closed","template":"","meta":{"inline_featured_image":false,"footnotes":""},"class_list":["post-2359","page","type-page","status-publish","hentry","description-off"],"yoast_head":"<!-- This site is optimized with the Yoast SEO plugin v26.7 - https:\/\/yoast.com\/wordpress\/plugins\/seo\/ -->\n<title>Ein starkes Partnernetzwerk f\u00fcr den Hersteller 2POOLSIN1<\/title>\n<meta name=\"description\" content=\"2POOLSIN1 hat ein Netzwerk von Partnern aufgebaut, die Experten auf ihrem Gebiet sind, um ein umfassendes Angebot an modulierbaren Innen- und Au\u00dfenpools anzubieten.\" \/>\n<meta name=\"robots\" content=\"index, follow, max-snippet:-1, max-image-preview:large, max-video-preview:-1\" \/>\n<link rel=\"canonical\" href=\"https:\/\/2poolsin1.fr\/de\/unsere-partner\/\" \/>\n<meta property=\"og:locale\" content=\"de_DE\" \/>\n<meta property=\"og:type\" content=\"article\" \/>\n<meta property=\"og:title\" content=\"Ein starkes Partnernetzwerk f\u00fcr den Hersteller 2POOLSIN1\" \/>\n<meta property=\"og:description\" content=\"2POOLSIN1 hat ein Netzwerk von Partnern aufgebaut, die Experten auf ihrem Gebiet sind, um ein umfassendes Angebot an modulierbaren Innen- und Au\u00dfenpools anzubieten.\" \/>\n<meta property=\"og:url\" content=\"https:\/\/2poolsin1.fr\/de\/unsere-partner\/\" \/>\n<meta property=\"og:site_name\" content=\"2 Pools In 1\" \/>\n<meta property=\"article:modified_time\" content=\"2022-11-24T14:23:45+00:00\" \/>\n<meta name=\"twitter:card\" content=\"summary_large_image\" \/>\n<meta name=\"twitter:label1\" content=\"Gesch\u00e4tzte Lesezeit\" \/>\n\t<meta name=\"twitter:data1\" content=\"5\u00a0Minuten\" \/>\n<script type=\"application\/ld+json\" class=\"yoast-schema-graph\">{\"@context\":\"https:\/\/schema.org\",\"@graph\":[{\"@type\":\"WebPage\",\"@id\":\"https:\/\/2poolsin1.fr\/de\/unsere-partner\/\",\"url\":\"https:\/\/2poolsin1.fr\/de\/unsere-partner\/\",\"name\":\"Ein starkes Partnernetzwerk f\u00fcr den Hersteller 2POOLSIN1\",\"isPartOf\":{\"@id\":\"https:\/\/2poolsin1.fr\/de\/#website\"},\"datePublished\":\"2021-12-23T09:53:01+00:00\",\"dateModified\":\"2022-11-24T14:23:45+00:00\",\"description\":\"2POOLSIN1 hat ein Netzwerk von Partnern aufgebaut, die Experten auf ihrem Gebiet sind, um ein umfassendes Angebot an modulierbaren Innen- und Au\u00dfenpools anzubieten.\",\"breadcrumb\":{\"@id\":\"https:\/\/2poolsin1.fr\/de\/unsere-partner\/#breadcrumb\"},\"inLanguage\":\"de\",\"potentialAction\":[{\"@type\":\"ReadAction\",\"target\":[\"https:\/\/2poolsin1.fr\/de\/unsere-partner\/\"]}]},{\"@type\":\"BreadcrumbList\",\"@id\":\"https:\/\/2poolsin1.fr\/de\/unsere-partner\/#breadcrumb\",\"itemListElement\":[{\"@type\":\"ListItem\",\"position\":1,\"name\":\"Accueil\",\"item\":\"https:\/\/2poolsin1.fr\/de\/\"},{\"@type\":\"ListItem\",\"position\":2,\"name\":\"UNSERE PARTNER\"}]},{\"@type\":\"WebSite\",\"@id\":\"https:\/\/2poolsin1.fr\/de\/#website\",\"url\":\"https:\/\/2poolsin1.fr\/de\/\",\"name\":\"2 Pools In 1\",\"description\":\"Cr\u00e9ateur de structures mobiles pour piscines 2 en 1 \u00c9t\u00e9 \/ hiver\",\"potentialAction\":[{\"@type\":\"SearchAction\",\"target\":{\"@type\":\"EntryPoint\",\"urlTemplate\":\"https:\/\/2poolsin1.fr\/de\/?s={search_term_string}\"},\"query-input\":{\"@type\":\"PropertyValueSpecification\",\"valueRequired\":true,\"valueName\":\"search_term_string\"}}],\"inLanguage\":\"de\"}]}<\/script>\n<!-- \/ Yoast SEO plugin. -->","yoast_head_json":{"title":"Ein starkes Partnernetzwerk f\u00fcr den Hersteller 2POOLSIN1","description":"2POOLSIN1 hat ein Netzwerk von Partnern aufgebaut, die Experten auf ihrem Gebiet sind, um ein umfassendes Angebot an modulierbaren Innen- und Au\u00dfenpools anzubieten.","robots":{"index":"index","follow":"follow","max-snippet":"max-snippet:-1","max-image-preview":"max-image-preview:large","max-video-preview":"max-video-preview:-1"},"canonical":"https:\/\/2poolsin1.fr\/de\/unsere-partner\/","og_locale":"de_DE","og_type":"article","og_title":"Ein starkes Partnernetzwerk f\u00fcr den Hersteller 2POOLSIN1","og_description":"2POOLSIN1 hat ein Netzwerk von Partnern aufgebaut, die Experten auf ihrem Gebiet sind, um ein umfassendes Angebot an modulierbaren Innen- und Au\u00dfenpools anzubieten.","og_url":"https:\/\/2poolsin1.fr\/de\/unsere-partner\/","og_site_name":"2 Pools In 1","article_modified_time":"2022-11-24T14:23:45+00:00","twitter_card":"summary_large_image","twitter_misc":{"Gesch\u00e4tzte Lesezeit":"5\u00a0Minuten"},"schema":{"@context":"https:\/\/schema.org","@graph":[{"@type":"WebPage","@id":"https:\/\/2poolsin1.fr\/de\/unsere-partner\/","url":"https:\/\/2poolsin1.fr\/de\/unsere-partner\/","name":"Ein starkes Partnernetzwerk f\u00fcr den Hersteller 2POOLSIN1","isPartOf":{"@id":"https:\/\/2poolsin1.fr\/de\/#website"},"datePublished":"2021-12-23T09:53:01+00:00","dateModified":"2022-11-24T14:23:45+00:00","description":"2POOLSIN1 hat ein Netzwerk von Partnern aufgebaut, die Experten auf ihrem Gebiet sind, um ein umfassendes Angebot an modulierbaren Innen- und Au\u00dfenpools anzubieten.","breadcrumb":{"@id":"https:\/\/2poolsin1.fr\/de\/unsere-partner\/#breadcrumb"},"inLanguage":"de","potentialAction":[{"@type":"ReadAction","target":["https:\/\/2poolsin1.fr\/de\/unsere-partner\/"]}]},{"@type":"BreadcrumbList","@id":"https:\/\/2poolsin1.fr\/de\/unsere-partner\/#breadcrumb","itemListElement":[{"@type":"ListItem","position":1,"name":"Accueil","item":"https:\/\/2poolsin1.fr\/de\/"},{"@type":"ListItem","position":2,"name":"UNSERE PARTNER"}]},{"@type":"WebSite","@id":"https:\/\/2poolsin1.fr\/de\/#website","url":"https:\/\/2poolsin1.fr\/de\/","name":"2 Pools In 1","description":"Cr\u00e9ateur de structures mobiles pour piscines 2 en 1 \u00c9t\u00e9 \/ hiver","potentialAction":[{"@type":"SearchAction","target":{"@type":"EntryPoint","urlTemplate":"https:\/\/2poolsin1.fr\/de\/?s={search_term_string}"},"query-input":{"@type":"PropertyValueSpecification","valueRequired":true,"valueName":"search_term_string"}}],"inLanguage":"de"}]}},"_links":{"self":[{"href":"https:\/\/2poolsin1.fr\/de\/wp-json\/wp\/v2\/pages\/2359","targetHints":{"allow":["GET"]}}],"collection":[{"href":"https:\/\/2poolsin1.fr\/de\/wp-json\/wp\/v2\/pages"}],"about":[{"href":"https:\/\/2poolsin1.fr\/de\/wp-json\/wp\/v2\/types\/page"}],"author":[{"embeddable":true,"href":"https:\/\/2poolsin1.fr\/de\/wp-json\/wp\/v2\/users\/1"}],"replies":[{"embeddable":true,"href":"https:\/\/2poolsin1.fr\/de\/wp-json\/wp\/v2\/comments?post=2359"}],"version-history":[{"count":2,"href":"https:\/\/2poolsin1.fr\/de\/wp-json\/wp\/v2\/pages\/2359\/revisions"}],"predecessor-version":[{"id":2362,"href":"https:\/\/2poolsin1.fr\/de\/wp-json\/wp\/v2\/pages\/2359\/revisions\/2362"}],"wp:attachment":[{"href":"https:\/\/2poolsin1.fr\/de\/wp-json\/wp\/v2\/media?parent=2359"}],"curies":[{"name":"wp","href":"https:\/\/api.w.org\/{rel}","templated":true}]}}