{"id":2363,"date":"2021-12-23T10:53:35","date_gmt":"2021-12-23T09:53:35","guid":{"rendered":"https:\/\/2poolsin1.fr\/la-societe\/"},"modified":"2023-01-18T16:46:03","modified_gmt":"2023-01-18T15:46:03","slug":"die-firma","status":"publish","type":"page","link":"https:\/\/2poolsin1.fr\/de\/die-firma\/","title":{"rendered":"DIE FIRMA"},"content":{"rendered":"<div class=\"wpb-content-wrapper\"><p>[vc_row full_width=&#8220;stretch_row_content&#8220; css=&#8220;.vc_custom_1644059061038{background-position: center !important;background-repeat: no-repeat !important;background-size: cover !important;}&#8220;][vc_column css=&#8220;.vc_custom_1644059054726{margin-top: 50px !important;margin-bottom: 30px !important;}&#8220;]<div id=\"ultimate-heading-51669d2976753460\" class=\"uvc-heading ult-adjust-bottom-margin ultimate-heading-51669d2976753460 uvc-8348  uvc-heading-default-font-sizes\" data-hspacer=\"line_only\"  data-halign=\"center\" style=\"text-align:center\"><div class=\"uvc-main-heading ult-responsive\"  data-ultimate-target='.uvc-heading.ultimate-heading-51669d2976753460 h2'  data-responsive-json-new='{\"font-size\":\"\",\"line-height\":\"\"}' ><h2 style=\"--font-weight:theme;margin-bottom:10px;\">Die Firma<\/h2><\/div><div class=\"uvc-heading-spacer line_only\" style=\"topheight:5px;\"><span class=\"uvc-headings-line\" style=\"border-style:solid;border-bottom-width:5px;border-color:#7acdf4;width:30px;\"><\/span><\/div><\/div>[\/vc_column][\/vc_row][vc_row gap=&#8220;30&#8243; equal_height=&#8220;yes&#8220; css=&#8220;.vc_custom_1643819342671{margin-bottom: 0px !important;}&#8220;][vc_column][vc_single_image image=&#8220;2252&#8243; img_size=&#8220;250&#215;250&#8243; alignment=&#8220;center&#8220; style=&#8220;vc_box_circle_2&#8243; css=&#8220;.vc_custom_1657720798891{padding-top: 20px !important;padding-bottom: 20px !important;}&#8220;][vc_column_text]<\/p>\n<h3 style=\"text-align: center;\">EINE FIRMA, DIE AUS DER BERUFSERFAHRUNG IHRES GR\u00dcNDERS ENTSTANDEN IST<\/h3>\n<p>[\/vc_column_text][vc_column_text css=&#8220;.vc_custom_1668703344493{padding-right: 10px !important;padding-left: 10px !important;}&#8220;]<\/p>\n<p style=\"text-align: center; font-size: 16px;\">Bernd Speck ist ausgebildeter Bauingenieur (Fachhochschule Karlsruhe) und hat seine Berufserfahrung 40 Jahre lang beim Bau, der Reparatur und der Versetzung von Bauwerken aller Art in Frankreich und im Ausland gesammelt.<br \/>\nZu den Bauwerken, an denen er beteiligt war, geh\u00f6ren das Millau-Viadukt, die Br\u00fccke auf der Insel R\u00e9, verschiedene TGV-Linien oder die Anhebungen mehrerer denkmalgesch\u00fctzter Geb\u00e4ude.<\/p>\n<p>[\/vc_column_text][\/vc_column][\/vc_row][vc_row gap=&#8220;15&#8243; css=&#8220;.vc_custom_1643987766920{margin-top: 10px !important;}&#8220;][vc_column css=&#8220;.vc_custom_1643989652848{margin-right: 0px !important;margin-bottom: 30px !important;margin-left: 0px !important;}&#8220;]<div id=\"ultimate-heading-607869d2976753511\" class=\"uvc-heading ult-adjust-bottom-margin ultimate-heading-607869d2976753511 uvc-6123  uvc-heading-default-font-sizes\" data-hspacer=\"line_only\"  data-halign=\"center\" style=\"text-align:center\"><div class=\"uvc-main-heading ult-responsive\"  data-ultimate-target='.uvc-heading.ultimate-heading-607869d2976753511 h2'  data-responsive-json-new='{\"font-size\":\"\",\"line-height\":\"\"}' ><h2 style=\"--font-weight:theme;margin-bottom:10px;\">Zu den Urspr\u00fcngen des Konzepts<\/h2><\/div><div class=\"uvc-heading-spacer line_only\" style=\"topheight:5px;\"><span class=\"uvc-headings-line\" style=\"border-style:solid;border-bottom-width:5px;border-color:#7acdf4;width:30px;\"><\/span><\/div><\/div>[\/vc_column][vc_column width=&#8220;1\/2&#8243; css=&#8220;.vc_custom_1643987377683{margin-right: 0px !important;margin-left: 0px !important;}&#8220;][vc_column_text css=&#8220;.vc_custom_1668763517471{margin-right: 0px !important;margin-left: 0px !important;}&#8220;]Vor einigen Jahren kaufte Bernd Speck ein Landhaus in der Normandie, um seiner Familie an den Wochenenden eine gr\u00fcne Oase zu bieten. Das kleine Fachwerkhaus in der Normandie hatte einen gro\u00dfen zentralen Raum und zwei Schlafzimmer auf einem Grundst\u00fcck von etwa 2000 m2. Schon bald musste es vergr\u00f6\u00dfert werden, damit die beiden T\u00f6chter der Familie ihre Zimmer bekommen konnten. Und die ganze Familie tr\u00e4umte davon, in einem Pool zu baden.<\/p>\n<p>Von seinem Fachwissen als Ingenieur war Bernd Speck gewohnt, Br\u00fccken zu schieben und Geb\u00e4ude anzuheben. So baute er ein freistehendes Holzhaus mit zwei Schlafzimmern im Obergeschoss &#8230; und stellte das Haus auf R\u00e4der, um es \u00fcber den Pool bewegen zu k\u00f6nnen! <span style=\"color: #7acdf4;\"><strong>Im Sommer ge\u00f6ffnet, im Winter geschlossen &#8211; der Trick mit einem ganzj\u00e4hrig nutzbaren Pool, der sich ganz einfach bedienen l\u00e4sst, war geboren.<\/strong><\/span><\/p>\n<p>Der Bau dieses Prototyps erregte Interesse und Erstaunen. Bernd Speck reichte seine Idee beim Concours L\u00e9pine und beim Genfer Erfinderwettbewerb ein. Die Idee wurde sowohl in Frankreich als auch in der Schweiz mit einer Goldmedaille ausgezeichnet.[\/vc_column_text][\/vc_column][vc_column width=&#8220;1\/2&#8243; css=&#8220;.vc_custom_1644058729925{margin-right: 0px !important;margin-left: 0px !important;}&#8220;][vc_column_text css=&#8220;.vc_custom_1668703403858{margin-right: 0px !important;margin-left: 0px !important;}&#8220;]Dieses Konzept eines Mobilhauses (Geb\u00e4ude, das ein Schwimmbecken beherbergt und einen beweglichen Teil enth\u00e4lt) wurde von Bernd Speck patentiert (Patent Nr. 2001770). Nach und nach setzte sich die Idee durch, das Konzept zu vermarkten, um es einer m\u00f6glichst gro\u00dfen Zahl von Menschen zug\u00e4nglich zu machen. Die 2POOLSIN1 Firma wurde gegr\u00fcndet.<\/p>\n<p><strong><span style=\"color: #7acdf4;\">2POOLSIN1, ein vision\u00e4res Konzept, das den Bed\u00fcrfnissen von heute gerecht wird.<\/span><\/strong><\/p>\n<p>In Zeiten einer Pandemie verlassen die Menschen die St\u00e4dte, um durchzuatmen und die Natur zu genie\u00dfen.\u00a0 Der Klimawandel macht die Winter h\u00e4rter und die Sommer hei\u00dfer, das Klima wird instabil. Das Konzept \u00a02POOLSIN 1 wurde f\u00fcr die Integration in neue Lebensstile entwickelt und erm\u00f6glicht die Schaffung eines Nestes des Wohlbefindens und eines Raums zum Atmen, der unabh\u00e4ngig von der Jahreszeit und dem Wetter genutzt werden kann.<\/p>\n<p>Um den umweltsch\u00e4dlichen Kohlenstoffaussto\u00df zu bek\u00e4mpfen, m\u00fcssen wir unsere Art zu reisen \u00fcberdenken. Als &#8222;Welt f\u00fcr sich&#8220;, die man mit der Familie und Freunden teilt, bietet der 2POOLSIN1 Pool das ganze Jahr \u00fcber einen Tapetenwechsel und eine Alternative zu Fernreisen.[\/vc_column_text][\/vc_column][\/vc_row][vc_row equal_height=&#8220;yes&#8220; content_placement=&#8220;middle&#8220; css=&#8220;.vc_custom_1644058735910{margin-top: 40px !important;margin-right: 0px !important;margin-left: 0px !important;}&#8220;][vc_column width=&#8220;1\/2&#8243; css=&#8220;.vc_custom_1644060585785{margin-top: 0px !important;margin-right: 0px !important;margin-bottom: 0px !important;margin-left: 0px !important;padding-right: 0px !important;padding-left: 0px !important;}&#8220;]<style type=\"text\/css\" data-type=\"the7_shortcodes-inline-css\">.shortcode-single-image-wrap.shortcode-single-image-c31c1ac4faed89946a034d13cc5acecf.enable-bg-rollover .rollover i,\n.shortcode-single-image-wrap.shortcode-single-image-c31c1ac4faed89946a034d13cc5acecf.enable-bg-rollover .rollover-video i {\n  background: -webkit-linear-gradient();\n  background: linear-gradient();\n}\n.shortcode-single-image-wrap.shortcode-single-image-c31c1ac4faed89946a034d13cc5acecf .rollover-icon {\n  font-size: 32px;\n  color: #ffffff;\n  min-width: 44px;\n  min-height: 44px;\n  line-height: 44px;\n  border-radius: 100px;\n  border-style: solid;\n  border-width: 0px;\n}\n.dt-icon-bg-on.shortcode-single-image-wrap.shortcode-single-image-c31c1ac4faed89946a034d13cc5acecf .rollover-icon {\n  background: rgba(255,255,255,0.3);\n  box-shadow: none;\n}<\/style><div class=\"shortcode-single-image-wrap shortcode-single-image-c31c1ac4faed89946a034d13cc5acecf alignnone  vc_custom_1644061195909 enable-bg-rollover dt-icon-bg-off\" ><div class=\"shortcode-single-image\"><div class=\"fancy-media-wrap  layzr-bg\" style=\"\"><img fetchpriority=\"high\" decoding=\"async\" class=\"preload-me lazy-load aspect\" src=\"data:image\/svg+xml,%3Csvg%20xmlns%3D&#39;http%3A%2F%2Fwww.w3.org%2F2000%2Fsvg&#39;%20viewBox%3D&#39;0%200%201920%201012&#39;%2F%3E\" data-src=\"https:\/\/2poolsin1.fr\/wp-content\/uploads\/2021\/12\/2poolin1-2.jpg\" data-srcset=\"https:\/\/2poolsin1.fr\/wp-content\/uploads\/2021\/12\/2poolin1-2.jpg 1920w\" loading=\"eager\" sizes=\"(max-width: 1920px) 100vw, 1920px\" width=\"1920\" height=\"1012\"  data-dt-location=\"https:\/\/2poolsin1.fr\/de\/home\/2poolin1-2\/\" style=\"--ratio: 1920 \/ 1012;\" alt=\"\" \/><\/div><\/div><\/div>[\/vc_column][vc_column width=&#8220;1\/2&#8243; css=&#8220;.vc_custom_1643987681361{margin-right: 0px !important;margin-left: 0px !important;border-right-width: 0px !important;padding-left: 0px !important;background-color: #f7f7f7 !important;}&#8220;][vc_column_text css=&#8220;.vc_custom_1668702975888{margin-top: -30px !important;margin-right: 0px !important;margin-bottom: 0px !important;margin-left: 0px !important;padding-top: 10px !important;padding-right: 40px !important;padding-bottom: 10px !important;padding-left: 40px !important;}&#8220;]<\/p>\n<h3 style=\"text-align: left;\"><span style=\"color: #7acdf4;\"><strong>Die Ziele <\/strong> von 2Poolsin1<\/span><\/h3>\n<p style=\"text-align: left;\">Bernd Speck hat sich als Ziel gesetzt, die Nutzung dieser Mobilit\u00e4tstechniken in den Alltag einzuf\u00fchren und es den Nutzern von Schwimmb\u00e4dern zu erm\u00f6glichen, das ganze Jahr \u00fcber ihre Infrastruktur zu nutzen, egal ob im Hochsommer oder bei einem Schneesturm.<\/p>\n<p style=\"text-align: left;\"><strong>Die Absicht ist auch die Nutzung gr\u00fcner Energien, mit einer guten Isolierung des mobilen Geb\u00e4udes, um Energieverschwendung zu vermeiden und so die globale Erw\u00e4rmung zu bremsen.<\/strong><\/p>\n<p style=\"text-align: left;\">Die Verbreitung des 2POOLSIN1-Konzepts ist zun\u00e4chst in Frankreich und dann in Europa geplant.<\/p>\n<p>[\/vc_column_text][\/vc_column][\/vc_row][vc_row full_width=&#8220;stretch_row&#8220; gap=&#8220;35&#8243; equal_height=&#8220;yes&#8220; content_placement=&#8220;top&#8220; css=&#8220;.vc_custom_1643996146964{margin-top: 80px !important;background-color: #f7f7f7 !important;}&#8220;][vc_column css=&#8220;.vc_custom_1643990272519{margin-bottom: 30px !important;}&#8220;]<div id=\"ultimate-heading-364569d297675478d\" class=\"uvc-heading ult-adjust-bottom-margin ultimate-heading-364569d297675478d uvc-6818  uvc-heading-default-font-sizes\" data-hspacer=\"line_only\"  data-halign=\"center\" style=\"text-align:center\"><div class=\"uvc-main-heading ult-responsive\"  data-ultimate-target='.uvc-heading.ultimate-heading-364569d297675478d h2'  data-responsive-json-new='{\"font-size\":\"\",\"line-height\":\"\"}' ><h2 style=\"--font-weight:theme;margin-bottom:10px;\">Die Aktion\u00e4re von 2POOLSIN<\/h2><\/div><div class=\"uvc-heading-spacer line_only\" style=\"topheight:5px;\"><span class=\"uvc-headings-line\" style=\"border-style:solid;border-bottom-width:5px;border-color:#7acdf4;width:30px;\"><\/span><\/div><\/div>[\/vc_column][vc_column width=&#8220;1\/2&#8243; css=&#8220;.vc_custom_1643995737829{margin-bottom: 0px !important;background-color: #ffffff !important;}&#8220;][vc_single_image image=&#8220;2206&#8243; img_size=&#8220;150&#215;150&#8243; style=&#8220;vc_box_circle_2&#8243; css=&#8220;.vc_custom_1643995489916{margin-top: 10px !important;margin-bottom: 0px !important;padding-right: 30px !important;padding-bottom: 20px !important;padding-left: 30px !important;}&#8220;][vc_column_text css=&#8220;.vc_custom_1668703024732{margin-bottom: 0px !important;padding-right: 30px !important;padding-bottom: 30px !important;padding-left: 30px !important;}&#8220;]<\/p>\n<h4>Claude NEANT <strong>(Teilhaber)<\/strong><\/h4>\n<p>Claude N\u00e9ant ist Bauingenieur (ESTP 78) und seit \u00fcber 40 Jahren Experte f\u00fcr mobile Strukturen.<\/p>\n<p>Er entwarf und realisierte technische Ausr\u00fcstungen f\u00fcr alle Arten von Strukturen, insbesondere f\u00fcr Kunstwerke, Gesch\u00e4fts- und Industriegeb\u00e4ude.<\/p>\n<p>Er war an der Planung und Realisierung von angehobenen oder verschobenen Strukturen, z.B. bei Arbeiten an den in Frankreich realisierten TGV-Strecken sowie bei Reparaturprojekten aller Art beteiligt.<br \/>\n[\/vc_column_text][\/vc_column][vc_column width=&#8220;1\/2&#8243; css=&#8220;.vc_custom_1643996113881{background-color: #ffffff !important;}&#8220;][vc_single_image image=&#8220;2245&#8243; img_size=&#8220;150&#215;150&#8243; style=&#8220;vc_box_circle_2&#8243; css=&#8220;.vc_custom_1644853616629{margin-top: 10px !important;margin-bottom: 0px !important;padding-right: 30px !important;padding-bottom: 20px !important;padding-left: 30px !important;}&#8220;][vc_column_text css=&#8220;.vc_custom_1668703067027{margin-bottom: 0px !important;padding-right: 30px !important;padding-bottom: 30px !important;padding-left: 30px !important;}&#8220;]<\/p>\n<h4>Dr Thomas SCHWEISFURTH <strong>(Teilhaber)<\/strong><\/h4>\n<p>Thomas Schweisfurth ist Wirtschaftsingenieur und studierte an der Technischen Universit\u00e4t Karlsruhe.<\/p>\n<p>Er hatte Positionen als Gesch\u00e4ftsf\u00fchrer, Verkaufs- und Marketingleiter in der Pumpen-, Bau- und HVAC-Industrie (Heizung, L\u00fcftung, Klima).<\/p>\n<p>Er war im Aufsichtsrat mehrerer franz\u00f6sischer Unternehmen in diesen Sektoren t\u00e4tig.<\/p>\n<p>Die Stellen waren in Deutschland, Belgien, Spanien, der Schweiz und Italien angesiedelt.[\/vc_column_text][\/vc_column][vc_column][vc_empty_space height=&#8220;50px&#8220;][\/vc_column][\/vc_row]<\/p>\n<\/div>","protected":false},"excerpt":{"rendered":"<p>[vc_row full_width=&#8220;stretch_row_content&#8220; css=&#8220;.vc_custom_1644059061038{background-position: center !important;background-repeat: no-repeat !important;background-size: cover !important;}&#8220;][vc_column css=&#8220;.vc_custom_1644059054726{margin-top: 50px !important;margin-bottom: 30px !important;}&#8220;][\/vc_column][\/vc_row][vc_row gap=&#8220;30&#8243; equal_height=&#8220;yes&#8220; css=&#8220;.vc_custom_1643819342671{margin-bottom: 0px !important;}&#8220;][vc_column][vc_single_image image=&#8220;2252&#8243; img_size=&#8220;250&#215;250&#8243; alignment=&#8220;center&#8220; style=&#8220;vc_box_circle_2&#8243; css=&#8220;.vc_custom_1657720798891{padding-top: 20px !important;padding-bottom: 20px !important;}&#8220;][vc_column_text] EINE FIRMA, DIE AUS DER BERUFSERFAHRUNG IHRES GR\u00dcNDERS ENTSTANDEN IST [\/vc_column_text][vc_column_text css=&#8220;.vc_custom_1668703344493{padding-right: 10px !important;padding-left: 10px !important;}&#8220;] Bernd Speck ist ausgebildeter Bauingenieur (Fachhochschule Karlsruhe) und hat seine Berufserfahrung&hellip;<\/p>\n","protected":false},"author":1,"featured_media":0,"parent":0,"menu_order":0,"comment_status":"closed","ping_status":"closed","template":"","meta":{"inline_featured_image":false,"footnotes":""},"class_list":["post-2363","page","type-page","status-publish","hentry","description-off"],"yoast_head":"<!-- This site is optimized with the Yoast SEO plugin v26.7 - https:\/\/yoast.com\/wordpress\/plugins\/seo\/ -->\n<title>2POOLSIN1, der einzige Hersteller von modulierbaren Pools und H\u00e4usern<\/title>\n<meta name=\"description\" content=\"2POOLSIN1, Poolbauer, der dank einer patentierten mobilen Strukturl\u00f6sung f\u00fcr die Nutzung im Sommer und im Winter modulierbar ist.\" \/>\n<meta name=\"robots\" content=\"index, follow, max-snippet:-1, max-image-preview:large, max-video-preview:-1\" \/>\n<link rel=\"canonical\" href=\"https:\/\/2poolsin1.fr\/de\/die-firma\/\" \/>\n<meta property=\"og:locale\" content=\"de_DE\" \/>\n<meta property=\"og:type\" content=\"article\" \/>\n<meta property=\"og:title\" content=\"2POOLSIN1, der einzige Hersteller von modulierbaren Pools und H\u00e4usern\" \/>\n<meta property=\"og:description\" content=\"2POOLSIN1, Poolbauer, der dank einer patentierten mobilen Strukturl\u00f6sung f\u00fcr die Nutzung im Sommer und im Winter modulierbar ist.\" \/>\n<meta property=\"og:url\" content=\"https:\/\/2poolsin1.fr\/de\/die-firma\/\" \/>\n<meta property=\"og:site_name\" content=\"2 Pools In 1\" \/>\n<meta property=\"article:modified_time\" content=\"2023-01-18T15:46:03+00:00\" \/>\n<meta name=\"twitter:card\" content=\"summary_large_image\" \/>\n<meta name=\"twitter:label1\" content=\"Gesch\u00e4tzte Lesezeit\" \/>\n\t<meta name=\"twitter:data1\" content=\"5\u00a0Minuten\" \/>\n<script type=\"application\/ld+json\" class=\"yoast-schema-graph\">{\"@context\":\"https:\/\/schema.org\",\"@graph\":[{\"@type\":\"WebPage\",\"@id\":\"https:\/\/2poolsin1.fr\/de\/die-firma\/\",\"url\":\"https:\/\/2poolsin1.fr\/de\/die-firma\/\",\"name\":\"2POOLSIN1, der einzige Hersteller von modulierbaren Pools und H\u00e4usern\",\"isPartOf\":{\"@id\":\"https:\/\/2poolsin1.fr\/de\/#website\"},\"datePublished\":\"2021-12-23T09:53:35+00:00\",\"dateModified\":\"2023-01-18T15:46:03+00:00\",\"description\":\"2POOLSIN1, Poolbauer, der dank einer patentierten mobilen Strukturl\u00f6sung f\u00fcr die Nutzung im Sommer und im Winter modulierbar ist.\",\"breadcrumb\":{\"@id\":\"https:\/\/2poolsin1.fr\/de\/die-firma\/#breadcrumb\"},\"inLanguage\":\"de\",\"potentialAction\":[{\"@type\":\"ReadAction\",\"target\":[\"https:\/\/2poolsin1.fr\/de\/die-firma\/\"]}]},{\"@type\":\"BreadcrumbList\",\"@id\":\"https:\/\/2poolsin1.fr\/de\/die-firma\/#breadcrumb\",\"itemListElement\":[{\"@type\":\"ListItem\",\"position\":1,\"name\":\"Accueil\",\"item\":\"https:\/\/2poolsin1.fr\/de\/\"},{\"@type\":\"ListItem\",\"position\":2,\"name\":\"DIE FIRMA\"}]},{\"@type\":\"WebSite\",\"@id\":\"https:\/\/2poolsin1.fr\/de\/#website\",\"url\":\"https:\/\/2poolsin1.fr\/de\/\",\"name\":\"2 Pools In 1\",\"description\":\"Cr\u00e9ateur de structures mobiles pour piscines 2 en 1 \u00c9t\u00e9 \/ hiver\",\"potentialAction\":[{\"@type\":\"SearchAction\",\"target\":{\"@type\":\"EntryPoint\",\"urlTemplate\":\"https:\/\/2poolsin1.fr\/de\/?s={search_term_string}\"},\"query-input\":{\"@type\":\"PropertyValueSpecification\",\"valueRequired\":true,\"valueName\":\"search_term_string\"}}],\"inLanguage\":\"de\"}]}<\/script>\n<!-- \/ Yoast SEO plugin. -->","yoast_head_json":{"title":"2POOLSIN1, der einzige Hersteller von modulierbaren Pools und H\u00e4usern","description":"2POOLSIN1, Poolbauer, der dank einer patentierten mobilen Strukturl\u00f6sung f\u00fcr die Nutzung im Sommer und im Winter modulierbar ist.","robots":{"index":"index","follow":"follow","max-snippet":"max-snippet:-1","max-image-preview":"max-image-preview:large","max-video-preview":"max-video-preview:-1"},"canonical":"https:\/\/2poolsin1.fr\/de\/die-firma\/","og_locale":"de_DE","og_type":"article","og_title":"2POOLSIN1, der einzige Hersteller von modulierbaren Pools und H\u00e4usern","og_description":"2POOLSIN1, Poolbauer, der dank einer patentierten mobilen Strukturl\u00f6sung f\u00fcr die Nutzung im Sommer und im Winter modulierbar ist.","og_url":"https:\/\/2poolsin1.fr\/de\/die-firma\/","og_site_name":"2 Pools In 1","article_modified_time":"2023-01-18T15:46:03+00:00","twitter_card":"summary_large_image","twitter_misc":{"Gesch\u00e4tzte Lesezeit":"5\u00a0Minuten"},"schema":{"@context":"https:\/\/schema.org","@graph":[{"@type":"WebPage","@id":"https:\/\/2poolsin1.fr\/de\/die-firma\/","url":"https:\/\/2poolsin1.fr\/de\/die-firma\/","name":"2POOLSIN1, der einzige Hersteller von modulierbaren Pools und H\u00e4usern","isPartOf":{"@id":"https:\/\/2poolsin1.fr\/de\/#website"},"datePublished":"2021-12-23T09:53:35+00:00","dateModified":"2023-01-18T15:46:03+00:00","description":"2POOLSIN1, Poolbauer, der dank einer patentierten mobilen Strukturl\u00f6sung f\u00fcr die Nutzung im Sommer und im Winter modulierbar ist.","breadcrumb":{"@id":"https:\/\/2poolsin1.fr\/de\/die-firma\/#breadcrumb"},"inLanguage":"de","potentialAction":[{"@type":"ReadAction","target":["https:\/\/2poolsin1.fr\/de\/die-firma\/"]}]},{"@type":"BreadcrumbList","@id":"https:\/\/2poolsin1.fr\/de\/die-firma\/#breadcrumb","itemListElement":[{"@type":"ListItem","position":1,"name":"Accueil","item":"https:\/\/2poolsin1.fr\/de\/"},{"@type":"ListItem","position":2,"name":"DIE FIRMA"}]},{"@type":"WebSite","@id":"https:\/\/2poolsin1.fr\/de\/#website","url":"https:\/\/2poolsin1.fr\/de\/","name":"2 Pools In 1","description":"Cr\u00e9ateur de structures mobiles pour piscines 2 en 1 \u00c9t\u00e9 \/ hiver","potentialAction":[{"@type":"SearchAction","target":{"@type":"EntryPoint","urlTemplate":"https:\/\/2poolsin1.fr\/de\/?s={search_term_string}"},"query-input":{"@type":"PropertyValueSpecification","valueRequired":true,"valueName":"search_term_string"}}],"inLanguage":"de"}]}},"_links":{"self":[{"href":"https:\/\/2poolsin1.fr\/de\/wp-json\/wp\/v2\/pages\/2363","targetHints":{"allow":["GET"]}}],"collection":[{"href":"https:\/\/2poolsin1.fr\/de\/wp-json\/wp\/v2\/pages"}],"about":[{"href":"https:\/\/2poolsin1.fr\/de\/wp-json\/wp\/v2\/types\/page"}],"author":[{"embeddable":true,"href":"https:\/\/2poolsin1.fr\/de\/wp-json\/wp\/v2\/users\/1"}],"replies":[{"embeddable":true,"href":"https:\/\/2poolsin1.fr\/de\/wp-json\/wp\/v2\/comments?post=2363"}],"version-history":[{"count":9,"href":"https:\/\/2poolsin1.fr\/de\/wp-json\/wp\/v2\/pages\/2363\/revisions"}],"predecessor-version":[{"id":2464,"href":"https:\/\/2poolsin1.fr\/de\/wp-json\/wp\/v2\/pages\/2363\/revisions\/2464"}],"wp:attachment":[{"href":"https:\/\/2poolsin1.fr\/de\/wp-json\/wp\/v2\/media?parent=2363"}],"curies":[{"name":"wp","href":"https:\/\/api.w.org\/{rel}","templated":true}]}}