{"id":2381,"date":"2021-12-23T10:54:19","date_gmt":"2021-12-23T09:54:19","guid":{"rendered":"https:\/\/2poolsin1.fr\/contact\/"},"modified":"2022-11-24T15:29:42","modified_gmt":"2022-11-24T14:29:42","slug":"kontakt","status":"publish","type":"page","link":"https:\/\/2poolsin1.fr\/de\/kontakt\/","title":{"rendered":"KONTAKT"},"content":{"rendered":"<div class=\"wpb-content-wrapper\"><p>[vc_row type=&#8220;vc_default&#8220; css=&#8220;.vc_custom_1643969890512{margin-top: 80px !important;}&#8220;][vc_column]<div id=\"ultimate-heading-568569d2adfc73eb9\" class=\"uvc-heading ult-adjust-bottom-margin ultimate-heading-568569d2adfc73eb9 uvc-6069  uvc-heading-default-font-sizes\" data-hspacer=\"no_spacer\"  data-halign=\"left\" style=\"text-align:left\"><div class=\"uvc-heading-spacer no_spacer\" style=\"top\"><\/div><div class=\"uvc-main-heading ult-responsive\"  data-ultimate-target='.uvc-heading.ultimate-heading-568569d2adfc73eb9 h2'  data-responsive-json-new='{\"font-size\":\"\",\"line-height\":\"\"}' ><h2 style=\"--font-weight:theme;margin-bottom:20px;\">Sie m\u00f6chten weitere Informationen erhalten, kontaktieren Sie uns<\/h2><\/div><div class=\"uvc-sub-heading ult-responsive\"  data-ultimate-target='.uvc-heading.ultimate-heading-568569d2adfc73eb9 .uvc-sub-heading '  data-responsive-json-new='{\"font-size\":\"desktop:18px;\",\"line-height\":\"desktop:24px;\"}'  style=\"font-family:&#039;Roboto&#039;;font-weight:300;margin-bottom:35px;\">F\u00fcr Informationsanfragen f\u00fcllen Sie bitte das folgende Formular aus.<\/div><\/div>\n<div class=\"wpcf7 no-js\" id=\"wpcf7-f2385-o1\" lang=\"de-DE\" dir=\"ltr\" data-wpcf7-id=\"2385\">\n<div class=\"screen-reader-response\"><p role=\"status\" aria-live=\"polite\" aria-atomic=\"true\"><\/p> <ul><\/ul><\/div>\n<form action=\"\/de\/wp-json\/wp\/v2\/pages\/2381#wpcf7-f2385-o1\" method=\"post\" class=\"wpcf7-form init\" aria-label=\"Kontaktformular\" novalidate=\"novalidate\" data-status=\"init\">\n<fieldset class=\"hidden-fields-container\"><input type=\"hidden\" name=\"_wpcf7\" value=\"2385\" \/><input type=\"hidden\" name=\"_wpcf7_version\" value=\"6.1.4\" \/><input type=\"hidden\" name=\"_wpcf7_locale\" value=\"de_DE\" \/><input type=\"hidden\" name=\"_wpcf7_unit_tag\" value=\"wpcf7-f2385-o1\" \/><input type=\"hidden\" name=\"_wpcf7_container_post\" value=\"0\" \/><input type=\"hidden\" name=\"_wpcf7_posted_data_hash\" value=\"\" \/><input type=\"hidden\" name=\"_wpcf7_recaptcha_response\" value=\"\" \/>\n<\/fieldset>\n<input class=\"wpcf7-form-control wpcf7-hidden\" value=\"Demande d&#039;informations\" type=\"hidden\" name=\"your-subject\" \/>\n<div class=\"vc_row-has-fill\">\n\t<div class=\"vc_column_container vc_col-sm-6\">\n\t\t<div class=\"vc_column-inner\" style=\"padding-top: 10px;\">\n\t\t\t<p><span class=\"wpcf7-form-control-wrap\" data-name=\"nom\"><input size=\"40\" maxlength=\"400\" class=\"wpcf7-form-control wpcf7-text wpcf7-validates-as-required\" aria-required=\"true\" aria-invalid=\"false\" placeholder=\"Nom*\" value=\"\" type=\"text\" name=\"nom\" \/><\/span>\n\t\t\t<\/p>\n\t\t<\/div>\n\t<\/div>\n\t<div class=\"vc_column_container vc_col-sm-6\">\n\t\t<div class=\"vc_column-inner\" style=\"padding-top: 10px;\">\n\t\t\t<p><span class=\"wpcf7-form-control-wrap\" data-name=\"prenom\"><input size=\"40\" maxlength=\"400\" class=\"wpcf7-form-control wpcf7-text wpcf7-validates-as-required\" aria-required=\"true\" aria-invalid=\"false\" placeholder=\"Pr\u00e9nom*\" value=\"\" type=\"text\" name=\"prenom\" \/><\/span>\n\t\t\t<\/p>\n\t\t<\/div>\n\t<\/div>\n\t<div class=\"vc_column_container vc_col-sm-6\">\n\t\t<div class=\"vc_column-inner\" style=\"padding-top: 10px;\">\n\t\t\t<p><span class=\"wpcf7-form-control-wrap\" data-name=\"tel\"><input size=\"40\" maxlength=\"400\" class=\"wpcf7-form-control wpcf7-tel wpcf7-text wpcf7-validates-as-tel\" aria-invalid=\"false\" placeholder=\"T\u00e9l\u00e9phone\" value=\"\" type=\"tel\" name=\"tel\" \/><\/span>\n\t\t\t<\/p>\n\t\t<\/div>\n\t<\/div>\n\t<div class=\"vc_column_container vc_col-sm-6\">\n\t\t<div class=\"vc_column-inner\" style=\"padding-top: 10px;\">\n\t\t\t<p><span class=\"wpcf7-form-control-wrap\" data-name=\"email\"><input size=\"40\" maxlength=\"400\" class=\"wpcf7-form-control wpcf7-email wpcf7-validates-as-required wpcf7-text wpcf7-validates-as-email\" aria-required=\"true\" aria-invalid=\"false\" placeholder=\"Email*\" value=\"\" type=\"email\" name=\"email\" \/><\/span>\n\t\t\t<\/p>\n\t\t<\/div>\n\t<\/div>\n\t<div class=\"vc_column_container vc_col-sm-12\">\n\t\t<div class=\"vc_column-inner\" style=\"padding-top: 10px;\">\n\t\t\t<p><span class=\"wpcf7-form-control-wrap\" data-name=\"adresse\"><input size=\"40\" maxlength=\"400\" class=\"wpcf7-form-control wpcf7-text\" aria-invalid=\"false\" placeholder=\"Adresse\" value=\"\" type=\"text\" name=\"adresse\" \/><\/span>\n\t\t\t<\/p>\n\t\t<\/div>\n\t<\/div>\n\t<div class=\"vc_column_container vc_col-sm-6\">\n\t\t<div class=\"vc_column-inner\" style=\"padding-top: 10px;\">\n\t\t\t<p><span class=\"wpcf7-form-control-wrap\" data-name=\"cp\"><input size=\"40\" maxlength=\"400\" class=\"wpcf7-form-control wpcf7-text wpcf7-validates-as-required\" aria-required=\"true\" aria-invalid=\"false\" placeholder=\"Code postal*\" value=\"\" type=\"text\" name=\"cp\" \/><\/span>\n\t\t\t<\/p>\n\t\t<\/div>\n\t<\/div>\n\t<div class=\"vc_column_container vc_col-sm-6\">\n\t\t<div class=\"vc_column-inner\" style=\"padding-top: 10px;\">\n\t\t\t<p><span class=\"wpcf7-form-control-wrap\" data-name=\"ville\"><input size=\"40\" maxlength=\"400\" class=\"wpcf7-form-control wpcf7-text\" aria-invalid=\"false\" placeholder=\"Ville\" value=\"\" type=\"text\" name=\"ville\" \/><\/span>\n\t\t\t<\/p>\n\t\t<\/div>\n\t<\/div>\n\t<div class=\"vc_column_container vc_col-sm-12\">\n\t\t<div class=\"vc_column-inner\" style=\"padding-top: 10px;\">\n\t\t\t<p><span class=\"wpcf7-form-control-wrap\" data-name=\"pays\"><input size=\"40\" maxlength=\"400\" class=\"wpcf7-form-control wpcf7-text wpcf7-validates-as-required\" aria-required=\"true\" aria-invalid=\"false\" placeholder=\"Pays*\" value=\"\" type=\"text\" name=\"pays\" \/><\/span>\n\t\t\t<\/p>\n\t\t<\/div>\n\t<\/div>\n\t<div class=\"vc_column_container vc_col-sm-12\">\n\t\t<div class=\"vc_column-inner\" style=\"padding-top: 20px;\">\n\t\t\t<p><span class=\"wpcf7-form-control-wrap\" data-name=\"message\"><textarea cols=\"40\" rows=\"10\" maxlength=\"2000\" class=\"wpcf7-form-control wpcf7-textarea\" aria-invalid=\"false\" placeholder=\"Message\" name=\"message\"><\/textarea><\/span>\n\t\t\t<\/p>\n\t\t\t<p style=\"font-size: 14px;\"><span class=\"wpcf7-form-control-wrap\" data-name=\"rgpd\"><span class=\"wpcf7-form-control wpcf7-checkbox wpcf7-validates-as-required\"><span class=\"wpcf7-list-item first last\"><label><input type=\"checkbox\" name=\"rgpd[]\" value=\"Pour r\u00e9pondre \u00e0 ma demande d\u2019information, j\u2019autorise 2poolsin1 \u00e0 stocker mes donn\u00e9es renseign\u00e9es dans ce formulaire.\" \/><span class=\"wpcf7-list-item-label\">Pour r\u00e9pondre \u00e0 ma demande d\u2019information, j\u2019autorise 2poolsin1 \u00e0 stocker mes donn\u00e9es renseign\u00e9es dans ce formulaire.<\/span><\/label><\/span><\/span><\/span>\n\t\t\t<\/p>\n\t\t\t<p style=\"margin-top: 20px;\"><input class=\"wpcf7-form-control wpcf7-submit has-spinner\" type=\"submit\" value=\"ENVOYER\" \/>\n\t\t\t<\/p>\n\t\t\t<p style=\"font-size:12px;\">Les champs indiqu\u00e9s par un ast\u00e9risque (*) sont obligatoires\n\t\t\t<\/p>\n\t\t<\/div>\n\t<\/div>\n<\/div><div class=\"wpcf7-response-output\" aria-hidden=\"true\"><\/div>\n<\/form>\n<\/div>\n[vc_empty_space height=&#8220;80px&#8220;][\/vc_column][\/vc_row]<\/p>\n<\/div>","protected":false},"excerpt":{"rendered":"<p>[vc_row type=&#8220;vc_default&#8220; css=&#8220;.vc_custom_1643969890512{margin-top: 80px !important;}&#8220;][vc_column][vc_empty_space height=&#8220;80px&#8220;][\/vc_column][\/vc_row]<\/p>\n","protected":false},"author":1,"featured_media":0,"parent":0,"menu_order":0,"comment_status":"closed","ping_status":"closed","template":"","meta":{"inline_featured_image":false,"footnotes":""},"class_list":["post-2381","page","type-page","status-publish","hentry","description-off"],"yoast_head":"<!-- This site is optimized with the Yoast SEO plugin v26.7 - https:\/\/yoast.com\/wordpress\/plugins\/seo\/ -->\n<title>Kontaktieren Sie Ihren Poolbauer ombile innen au\u00dfen<\/title>\n<meta name=\"description\" content=\"Kontaktieren Sie 2POOLSIN1, Ihren Hersteller von modularen Innen-Au\u00dfen-Pools, um weitere Informationen oder einen kostenlosen Kostenvoranschlag zu erhalten.\" \/>\n<meta name=\"robots\" content=\"index, follow, max-snippet:-1, max-image-preview:large, max-video-preview:-1\" \/>\n<link rel=\"canonical\" href=\"https:\/\/2poolsin1.fr\/de\/kontakt\/\" \/>\n<meta property=\"og:locale\" content=\"de_DE\" \/>\n<meta property=\"og:type\" content=\"article\" \/>\n<meta property=\"og:title\" content=\"Kontaktieren Sie Ihren Poolbauer ombile innen au\u00dfen\" \/>\n<meta property=\"og:description\" content=\"Kontaktieren Sie 2POOLSIN1, Ihren Hersteller von modularen Innen-Au\u00dfen-Pools, um weitere Informationen oder einen kostenlosen Kostenvoranschlag zu erhalten.\" \/>\n<meta property=\"og:url\" content=\"https:\/\/2poolsin1.fr\/de\/kontakt\/\" \/>\n<meta property=\"og:site_name\" content=\"2 Pools In 1\" \/>\n<meta property=\"article:modified_time\" content=\"2022-11-24T14:29:42+00:00\" \/>\n<meta name=\"twitter:card\" content=\"summary_large_image\" \/>\n<script type=\"application\/ld+json\" class=\"yoast-schema-graph\">{\"@context\":\"https:\/\/schema.org\",\"@graph\":[{\"@type\":\"WebPage\",\"@id\":\"https:\/\/2poolsin1.fr\/de\/kontakt\/\",\"url\":\"https:\/\/2poolsin1.fr\/de\/kontakt\/\",\"name\":\"Kontaktieren Sie Ihren Poolbauer ombile innen au\u00dfen\",\"isPartOf\":{\"@id\":\"https:\/\/2poolsin1.fr\/de\/#website\"},\"datePublished\":\"2021-12-23T09:54:19+00:00\",\"dateModified\":\"2022-11-24T14:29:42+00:00\",\"description\":\"Kontaktieren Sie 2POOLSIN1, Ihren Hersteller von modularen Innen-Au\u00dfen-Pools, um weitere Informationen oder einen kostenlosen Kostenvoranschlag zu erhalten.\",\"breadcrumb\":{\"@id\":\"https:\/\/2poolsin1.fr\/de\/kontakt\/#breadcrumb\"},\"inLanguage\":\"de\",\"potentialAction\":[{\"@type\":\"ReadAction\",\"target\":[\"https:\/\/2poolsin1.fr\/de\/kontakt\/\"]}]},{\"@type\":\"BreadcrumbList\",\"@id\":\"https:\/\/2poolsin1.fr\/de\/kontakt\/#breadcrumb\",\"itemListElement\":[{\"@type\":\"ListItem\",\"position\":1,\"name\":\"Accueil\",\"item\":\"https:\/\/2poolsin1.fr\/de\/\"},{\"@type\":\"ListItem\",\"position\":2,\"name\":\"KONTAKT\"}]},{\"@type\":\"WebSite\",\"@id\":\"https:\/\/2poolsin1.fr\/de\/#website\",\"url\":\"https:\/\/2poolsin1.fr\/de\/\",\"name\":\"2 Pools In 1\",\"description\":\"Cr\u00e9ateur de structures mobiles pour piscines 2 en 1 \u00c9t\u00e9 \/ hiver\",\"potentialAction\":[{\"@type\":\"SearchAction\",\"target\":{\"@type\":\"EntryPoint\",\"urlTemplate\":\"https:\/\/2poolsin1.fr\/de\/?s={search_term_string}\"},\"query-input\":{\"@type\":\"PropertyValueSpecification\",\"valueRequired\":true,\"valueName\":\"search_term_string\"}}],\"inLanguage\":\"de\"}]}<\/script>\n<!-- \/ Yoast SEO plugin. -->","yoast_head_json":{"title":"Kontaktieren Sie Ihren Poolbauer ombile innen au\u00dfen","description":"Kontaktieren Sie 2POOLSIN1, Ihren Hersteller von modularen Innen-Au\u00dfen-Pools, um weitere Informationen oder einen kostenlosen Kostenvoranschlag zu erhalten.","robots":{"index":"index","follow":"follow","max-snippet":"max-snippet:-1","max-image-preview":"max-image-preview:large","max-video-preview":"max-video-preview:-1"},"canonical":"https:\/\/2poolsin1.fr\/de\/kontakt\/","og_locale":"de_DE","og_type":"article","og_title":"Kontaktieren Sie Ihren Poolbauer ombile innen au\u00dfen","og_description":"Kontaktieren Sie 2POOLSIN1, Ihren Hersteller von modularen Innen-Au\u00dfen-Pools, um weitere Informationen oder einen kostenlosen Kostenvoranschlag zu erhalten.","og_url":"https:\/\/2poolsin1.fr\/de\/kontakt\/","og_site_name":"2 Pools In 1","article_modified_time":"2022-11-24T14:29:42+00:00","twitter_card":"summary_large_image","schema":{"@context":"https:\/\/schema.org","@graph":[{"@type":"WebPage","@id":"https:\/\/2poolsin1.fr\/de\/kontakt\/","url":"https:\/\/2poolsin1.fr\/de\/kontakt\/","name":"Kontaktieren Sie Ihren Poolbauer ombile innen au\u00dfen","isPartOf":{"@id":"https:\/\/2poolsin1.fr\/de\/#website"},"datePublished":"2021-12-23T09:54:19+00:00","dateModified":"2022-11-24T14:29:42+00:00","description":"Kontaktieren Sie 2POOLSIN1, Ihren Hersteller von modularen Innen-Au\u00dfen-Pools, um weitere Informationen oder einen kostenlosen Kostenvoranschlag zu erhalten.","breadcrumb":{"@id":"https:\/\/2poolsin1.fr\/de\/kontakt\/#breadcrumb"},"inLanguage":"de","potentialAction":[{"@type":"ReadAction","target":["https:\/\/2poolsin1.fr\/de\/kontakt\/"]}]},{"@type":"BreadcrumbList","@id":"https:\/\/2poolsin1.fr\/de\/kontakt\/#breadcrumb","itemListElement":[{"@type":"ListItem","position":1,"name":"Accueil","item":"https:\/\/2poolsin1.fr\/de\/"},{"@type":"ListItem","position":2,"name":"KONTAKT"}]},{"@type":"WebSite","@id":"https:\/\/2poolsin1.fr\/de\/#website","url":"https:\/\/2poolsin1.fr\/de\/","name":"2 Pools In 1","description":"Cr\u00e9ateur de structures mobiles pour piscines 2 en 1 \u00c9t\u00e9 \/ hiver","potentialAction":[{"@type":"SearchAction","target":{"@type":"EntryPoint","urlTemplate":"https:\/\/2poolsin1.fr\/de\/?s={search_term_string}"},"query-input":{"@type":"PropertyValueSpecification","valueRequired":true,"valueName":"search_term_string"}}],"inLanguage":"de"}]}},"_links":{"self":[{"href":"https:\/\/2poolsin1.fr\/de\/wp-json\/wp\/v2\/pages\/2381","targetHints":{"allow":["GET"]}}],"collection":[{"href":"https:\/\/2poolsin1.fr\/de\/wp-json\/wp\/v2\/pages"}],"about":[{"href":"https:\/\/2poolsin1.fr\/de\/wp-json\/wp\/v2\/types\/page"}],"author":[{"embeddable":true,"href":"https:\/\/2poolsin1.fr\/de\/wp-json\/wp\/v2\/users\/1"}],"replies":[{"embeddable":true,"href":"https:\/\/2poolsin1.fr\/de\/wp-json\/wp\/v2\/comments?post=2381"}],"version-history":[{"count":2,"href":"https:\/\/2poolsin1.fr\/de\/wp-json\/wp\/v2\/pages\/2381\/revisions"}],"predecessor-version":[{"id":2383,"href":"https:\/\/2poolsin1.fr\/de\/wp-json\/wp\/v2\/pages\/2381\/revisions\/2383"}],"wp:attachment":[{"href":"https:\/\/2poolsin1.fr\/de\/wp-json\/wp\/v2\/media?parent=2381"}],"curies":[{"name":"wp","href":"https:\/\/api.w.org\/{rel}","templated":true}]}}