{"id":2420,"date":"2022-03-07T09:25:34","date_gmt":"2022-03-07T08:25:34","guid":{"rendered":"https:\/\/2poolsin1.fr\/gestion-des-cookies\/"},"modified":"2022-11-18T15:49:41","modified_gmt":"2022-11-18T14:49:41","slug":"verwaltung-von-cookies","status":"publish","type":"page","link":"https:\/\/2poolsin1.fr\/de\/verwaltung-von-cookies\/","title":{"rendered":"Verwaltung von Cookies"},"content":{"rendered":"<div class=\"wpb-content-wrapper\"><p>[vc_row full_width=&#8220;stretch_row_content&#8220; css=&#8220;.vc_custom_1644059061038{background-position: center !important;background-repeat: no-repeat !important;background-size: cover !important;}&#8220;][vc_column css=&#8220;.vc_custom_1644059054726{margin-top: 50px !important;margin-bottom: 30px !important;}&#8220;]<div id=\"ultimate-heading-540569d2adfc756aa\" class=\"uvc-heading ult-adjust-bottom-margin ultimate-heading-540569d2adfc756aa uvc-9267  uvc-heading-default-font-sizes\" data-hspacer=\"line_only\"  data-halign=\"center\" style=\"text-align:center\"><div class=\"uvc-main-heading ult-responsive\"  data-ultimate-target='.uvc-heading.ultimate-heading-540569d2adfc756aa h2'  data-responsive-json-new='{\"font-size\":\"\",\"line-height\":\"\"}' ><h2 style=\"--font-weight:theme;margin-bottom:10px;\">Verwaltung von Cookies<\/h2><\/div><div class=\"uvc-heading-spacer line_only\" style=\"topheight:5px;\"><span class=\"uvc-headings-line\" style=\"border-style:solid;border-bottom-width:5px;border-color:#7acdf4;width:30px;\"><\/span><\/div><\/div>[\/vc_column][\/vc_row][vc_row gap=&#8220;30&#8243; equal_height=&#8220;yes&#8220; css=&#8220;.vc_custom_1643819342671{margin-bottom: 0px !important;}&#8220;][vc_column][vc_column_text]<\/p>\n<h3 style=\"text-align: center;\">Willkommen auf der Website von 2POOLSIN1.<\/h3>\n<p>[\/vc_column_text][vc_column_text css=&#8220;.vc_custom_1668782301331{padding-right: 10px !important;padding-left: 10px !important;}&#8220;]<\/p>\n<p style=\"text-align: center;\">Unsere Richtlinien zur Verwendung von Cookies sollen Sie dar\u00fcber informieren, wie wir Navigationsdaten oder andere Informationen im Zusammenhang mit dem Zugriff auf und der Verwendung von Partnerseiten und anderen Medien (Werbebanner, E-Mails&#8230;) direkt oder \u00fcber Werbeinhalte auf anderen Sites verwenden.<\/p>\n<p style=\"text-align: center;\">Sie finden dort auch Informationen \u00fcber die Rechte, die Sie haben, und wie Sie diese aus\u00fcben k\u00f6nnen.<\/p>\n<p style=\"text-align: center;\">Diese Informationen werden in \u00dcbereinstimmung mit den geltenden Vorschriften, insbesondere der EU-Richtlinie \u00fcber die Verarbeitung personenbezogener Daten und den Schutz der Privatsph\u00e4re in der elektronischen Kommunikation (2002\/58\/EG), weitergegeben, wonach die Speicherung, der Erhalt und der Zugriff auf Informationen \u00fcber Ihr Endger\u00e4t zul\u00e4ssig ist, sofern Sie \u00fcber die Zwecke der Verarbeitung dieser Informationen gem\u00e4\u00df der Allgemeinen Datenschutzverordnung (EU) 2016\/679 (die &#8222;DSGVO&#8220;) informiert wurden und, vorbehaltlich wesentlicher Cookies, Ihre Zustimmung dazu gegeben haben.<\/p>\n<p>[\/vc_column_text][vc_separator border_width=&#8220;2&#8243; el_width=&#8220;80&#8243; css=&#8220;.vc_custom_1646641285886{margin-top: 30px !important;margin-bottom: 30px !important;}&#8220;][\/vc_column][\/vc_row][vc_row gap=&#8220;15&#8243; css=&#8220;.vc_custom_1643987766920{margin-top: 10px !important;}&#8220;][vc_column css=&#8220;.vc_custom_1643989652848{margin-right: 0px !important;margin-bottom: 30px !important;margin-left: 0px !important;}&#8220;][vc_column_text]<\/p>\n<h2><span style=\"color: #7acdf4;\">1. Die verschiedenen Cookies<\/span><\/h2>\n<p>[\/vc_column_text][vc_column_text css=&#8220;.vc_custom_1668782954290{border-left-width: 2px !important;padding-right: 20px !important;padding-left: 20px !important;border-left-color: #7acdf4 !important;border-left-style: solid !important;}&#8220;]Im Sinne dieser Richtlinie bedeutet der Begriff &#8222;Cookies und andere Tracker&#8220; oder &#8222;Cookies&#8220; die Gesamtheit der Tracker, die beim Besuch dieser Website abgelegt oder gelesen werden. Dazu geh\u00f6ren Http-Cookies, Flash-Cookies, Tags, die auch als &#8222;Pixel&#8220; und &#8222;Web Bugs&#8220; bezeichnet werden, Skripte oder auch das Ergebnis der Berechnung des Fingerabdrucks im Falle des &#8222;Fingerprinting&#8220;. Diese Richtlinie gilt unabh\u00e4ngig davon, ob die &#8222;Cookies&#8220; personenbezogene Daten sammeln oder nicht.<\/p>\n<h4>1.1 Was ist ein Cookie?<\/h4>\n<p>Ein Cookie ist eine Folge von kleinen Informationen, die von Websites \u00fcber Ihren Browser \u00fcbertragen werden k\u00f6nnen. Diese Cookies werden auf Ihrem Endger\u00e4t (Computer, Smartphone, Tablet&#8230;) gespeichert, wenn Sie bestimmte Websites besuchen. Cookies erm\u00f6glichen es insbesondere, Informationen \u00fcber die Surfgewohnheiten des Nutzers einer Website oder seines Ger\u00e4ts zu speichern und abzurufen und ihn dann auf der Grundlage dieser Informationen wiederzuerkennen.<\/p>\n<p>Die durch diese Cookies erhaltenen Daten k\u00f6nnen insbesondere die Anzahl der besuchten Seiten, die gew\u00e4hlte Sprache, die Stadt, in der sich die IP-Adresse f\u00fcr die Verbindung mit der Website befindet, die H\u00e4ufigkeit und Wiederkehr der Besuche, die Dauer des Besuchs, den Browser, den Betreiber oder den Typ des Endger\u00e4ts, von dem aus der Besuch erfolgt, betreffen.<\/p>\n<h4>1.2 Was ist ein Web-Beacon?<\/h4>\n<p>Ein Web-Beacon (anders genannt, \u201eunsichtbares pixel\u201c, \u201e pixel tag\u201c, \u201eclear GIF\u201c, \u201eweb bug\u201c) ist ein eigenst\u00e4ndiger Code oder ein Bild, das auf bestimmten Seiten zu Zwecken der \u00dcberwachung und Verfolgung des Datenverkehrs angezeigt wird.<\/p>\n<h4>1.3 Was ist die Berechnung des Fingerabdrucks?<\/h4>\n<p>Fingerprinting erm\u00f6glicht die Erstellung einer eindeutigen Kennung des Rechners, der eine Webseite aufruft, auf der Grundlage von Elementen seiner Konfiguration.[\/vc_column_text][vc_column_text]<\/p>\n<h2><span style=\"color: #7acdf4;\">2. Die Cookies<\/span><\/h2>\n<p>[\/vc_column_text][vc_column_text css=&#8220;.vc_custom_1668782971078{border-left-width: 2px !important;padding-right: 20px !important;padding-left: 20px !important;border-left-color: #7acdf4 !important;border-left-style: solid !important;}&#8220;]Generell gibt es verschiedene Gr\u00fcnde f\u00fcr die Verwendung von Cookies.<\/p>\n<p><strong>(A) <\/strong>Einige Cookies sind f\u00fcr das ordnungsgem\u00e4\u00dfe Funktionieren der Websites erforderlich und erm\u00f6glichen den Zugriff auf diese und die Anmeldung unter Verwendung wesentlicher Funktionen. \u201eWesentliche Cookies\u201c dienen ausschlie\u00dflich dem Zweck, die Kommunikation auf elektronischem Wege zu erm\u00f6glichen und zu erleichtern.<\/p>\n<p>Sie sind f\u00fcr das Funktionieren des von Ihnen angeforderten Online-Kommunikationsdienstes unerl\u00e4sslich und werden verwendet, um Ihnen zu erm\u00f6glichen, sich in Ihre Benutzersitzung einzuloggen, die angeforderte Seite in einem f\u00fcr Ihren Bildschirm geeigneten Format anzuzeigen oder auch um der Website zu erm\u00f6glichen, optimal zu funktionieren und die Navigation zu erleichtern, und zwar auf folgende Weise:<\/p>\n<ul>\n<li style=\"list-style-type: none;\">\n<ul>\n<li>Die Qualit\u00e4t und Sicherheit der Navigation auf der Website zu gew\u00e4hrleisten, insbesondere w\u00e4hrend des Bestellvorgangs f\u00fcr ein Produkt oder eine Dienstleistung, oder die Ladezeit der verschiedenen Elemente der Seite zu messen;<\/li>\n<li>Die in den daf\u00fcr vorgesehenen Feldern eingegebenen Informationen beibehalten, wenn der Nutzer die Seite wechselt;<\/li>\n<li>Dem Nutzer erm\u00f6glichen, w\u00e4hrend der gesamten Dauer seiner Sitzung auf demselben Hostserver zu bleiben;<\/li>\n<li>Den Nutzer auf die Seite mit der Sprache oder Niederlassung umleiten, die dem Land entspricht, von dem aus er sich scheinbar einloggt;<\/li>\n<li>Umgang mit Lastspitzen;<\/li>\n<li>Ber\u00fccksichtigung der Zustimmung oder Ablehnung des Nutzers hinsichtlich der Analyse der auf der Website gesammelten Daten.<\/li>\n<\/ul>\n<\/li>\n<\/ul>\n<p>Gem\u00e4\u00df der oben genannten Verordnung werden sie verwendet, ohne dass Ihre Zustimmung erforderlich ist. Sie k\u00f6nnen sie jedoch \u00fcber die Einstellungen Ihres Browsers blockieren und\/oder l\u00f6schen. Infolgedessen k\u00f6nnen Ihre Benutzererfahrung und die Sicherheit Ihrer Navigation beeintr\u00e4chtigt werden. Ebenso k\u00f6nnen bestimmte Seiten und Funktionen unzug\u00e4nglich sein (Manager, Einkaufswagen usw.).<\/p>\n<p><strong>(B)<\/strong> Andere Cookies sind notwendig, um das Surferlebnis zu verbessern. Die &#8222;Verbesserungs-Cookies&#8220; erm\u00f6glichen:<\/p>\n<ul>\n<li style=\"list-style-type: none;\">\n<ul>\n<li>Informationen \u00fcber das Verhalten der Besucher unserer Websites zu sammeln und zu analysieren, um deren Funktionsweise zu verbessern (z. B. Verbesserung der Leistung oder der Sichtbarkeit der Seiten);<\/li>\n<li>Bereitstellung von Mehrwertdiensten, um Ihre Nutzererfahrung zu verbessern, wie z. B. Chatbot, Livechat oder Click-to-Call-L\u00f6sungen;<\/li>\n<li>Sicherung unserer Websites, z. B. durch die Erkennung ungew\u00f6hnlicher Aktivit\u00e4ten.<\/li>\n<\/ul>\n<\/li>\n<\/ul>\n<p>Gem\u00e4\u00df den gesetzlichen Bestimmungen werden sie mit Ihrer Zustimmung verwendet.<\/p>\n<p>Diese Cookies sind f\u00fcr das Funktionieren der Website nicht unbedingt erforderlich. Die Ablehnung dieser Cookies kann jedoch dazu f\u00fchren, dass die Nutzung von Mehrwertdiensten, die Ihre Nutzererfahrung verbessern, schwierig oder fehlerhaft ist.<\/p>\n<p><strong>(C) <\/strong>Andere Cookies werden verwendet, damit Sie Angebote erhalten, die mit Ihren Interessen in Zusammenhang stehen. Die &#8222;Werbe- und Personalisierungs-Cookies&#8220; dienen dazu, Ihnen Inhalte und Angebote anzubieten, die auf Ihre Interessen zugeschnitten sind, und die Relevanz unserer Anzeigen auf den Websites unserer Partner zu verbessern. Wenn Sie diese Cookies desaktivieren, werden die Inhalte und Angebote, die wir Ihnen anbieten, nicht mehr auf Ihre Pr\u00e4ferenzen zugeschnitten und sind daher m\u00f6glicherweise weniger relevant. Gem\u00e4\u00df den gesetzlichen Bestimmungen werden diese Cookies auch mit Ihrer Zustimmung verwendet.<\/p>\n<p>Diese Cookies sind f\u00fcr das Funktionieren der Website nicht unbedingt erforderlich, aber sie sind notwendig, um Angebote bereitzustellen, die mit Ihren Interessen in Zusammenhang stehen. Sie werden insbesondere verwendet, um Ihnen geeignetere Inhalte zu erm\u00f6glichen, zum Beispiel:<\/p>\n<ul>\n<li style=\"list-style-type: none;\">\n<ul>\n<li>das Erhalten von Besuchsdaten \u00fcber die Nutzung der besuchten Website;<\/li>\n<li>die Verfolgung eines Klicks bis zu den Seiten der betreffenden Website;<\/li>\n<li>die Verbesserung der Relevanz von digitalen Kampagnen;<\/li>\n<li>die Identifizierung von Website-Besuchern, die von einer Werbekampagne auf einer Drittanbieter-Website stammen.<\/li>\n<li><\/li>\n<\/ul>\n<\/li>\n<\/ul>\n<p><strong>(D)<\/strong> Andere Cookies erm\u00f6glichen schlie\u00dflich das Teilen von Inhalten in sozialen Netzwerken und auf anderen Websites von Dritten (die &#8222;Cookies von Dritten&#8220;). Diese Cookies erm\u00f6glichen es, von unserer Website aus auf Software-Tools und Plattformen (wie soziale Netzwerke, Video-Streaming-L\u00f6sungen usw.) zuzugreifen und diese zu nutzen, die von Dritten angeboten werden, und so die Benutzerfreundlichkeit der Website zu verbessern und ihre Werbung durch das Teilen von Inhalten auf Plattformen von Dritten zu unterst\u00fctzen.<br \/>\nIn diesem Fall sind die Daten \u00fcber die Besucher der Website, ihre Navigation oder ihre Handlungen in Verbindung mit den Inhalten, mit denen sie interagieren, f\u00fcr diese Drittplattformen zug\u00e4nglich. Diese Websites f\u00fcgen verschiedene soziale Module und Pixel ein, mit denen Inhalte von den verschiedenen Plattformen, die sie bereitstellen, abgerufen werden k\u00f6nnen. In diesem Fall gelten die Plattformen, die diese verschiedenen Module bereitstellen, als f\u00fcr die Verarbeitung Verantwortliche im Sinne der DSGVO, wenn sie die Zwecke und Mittel der Verarbeitung gem\u00e4\u00df ihrer Datenschutzrichtlinie festlegen.<br \/>\nSo st\u00fctzen sich einige Funktionen der Website auf Dienste, die von diesen Dritten angeboten werden, und hinterlegen Cookies.<br \/>\nDie Websites, die diese Drittanbieter-Cookies, Anwendungsschaltfl\u00e4chen oder Erweiterungen bereitstellen, k\u00f6nnen Sie anhand der Schaltfl\u00e4che identifizieren, auch wenn diese nicht verwendet wird, w\u00e4hrend Sie unsere Website besuchen. Gem\u00e4\u00df den gesetzlichen Bestimmungen werden sie auch mit Ihrer Zustimmung verwendet.<\/p>\n<p>Wir empfehlen Ihnen daher, die Datenschutzrichtlinien dieser Drittparteien zu lesen:<\/p>\n<ul>\n<li style=\"list-style-type: none;\">\n<ul>\n<li><a href=\"https:\/\/www.facebook.com\/policies\/cookies\/\">Facebook<\/a><\/li>\n<li><a href=\"https:\/\/www.linkedin.com\/legal\/cookie-policy\">LinkedIn<\/a><\/li>\n<li><a href=\"https:\/\/help.twitter.com\/fr\/rules-and-policies\/twitter-cookies\">Twitter<\/a><\/li>\n<li><a href=\"https:\/\/www.google.fr\/intl\/fr\/policies\/privacy\/\">YouTube<\/a><\/li>\n<li><u>Google anlytics\u00a0: <\/u><a href=\"https:\/\/support.google.com\/analytics\/answer\/6004245?hl=fr\">https:\/\/support.google.com\/analytics\/answer\/6004245?hl=fr<\/a><\/li>\n<\/ul>\n<\/li>\n<\/ul>\n<ul>\n<li style=\"list-style-type: none;\">\n<ul>\n<li><u>Google ads\u00a0:<\/u> <a href=\"https:\/\/privacy.google.com\/intl\/fr_fr\/businesses\/compliance\/#!?modal_active=none\"><u>https:\/\/privacy.google.com\/intl\/fr_fr\/businesses\/compliance\/#!?modal_active=none<\/u><\/a><\/li>\n<\/ul>\n<\/li>\n<\/ul>\n<p>[\/vc_column_text][vc_column_text]<\/p>\n<h2><span style=\"color: #7acdf4;\">3. Wie verwalten wir diese Cookies?<\/span><\/h2>\n<p>[\/vc_column_text][vc_column_text css=&#8220;.vc_custom_1668782857433{border-left-width: 2px !important;padding-right: 20px !important;padding-left: 20px !important;border-left-color: #7acdf4 !important;border-left-style: solid !important;}&#8220;]Gem\u00e4\u00df der Verordnung (EU) 2016\/679 zum Schutz nat\u00fcrlicher Personen bei der Verarbeitung personenbezogener Daten und zum freien Datenverkehr (die &#8222;DSGVO&#8220;) kann die Zustimmung des Nutzers zur Verarbeitung seiner Daten durch die Verwendung entsprechender Einstellungen in einem Browser oder einer anderen Anwendung ausgedr\u00fcckt werden.<\/p>\n<p><strong>&#8211; Plattform f\u00fcr Cookie-Einstellungen:<br \/>\n<\/strong><\/p>\n<p>Klicken Sie auf die verschiedenen Kategorie-\u00dcberschriften in diesem Einstellungscenter, um mehr zu erfahren und unsere Standardeinstellungen zu \u00e4ndern. Das Blockieren bestimmter Arten von Cookies kann sich jedoch auf Ihre Erfahrung mit der Website und den Diensten, die wir Ihnen anbieten k\u00f6nnen, auswirken. Ihre Zustimmung wird 13 Monate lang gespeichert und Sie k\u00f6nnen auf Anfrage bei 2POOLSIN1 darauf zugreifen:<\/p>\n<p>Per Post: 2POOLSIN1, 105 rue des Mourettes, 26 000 Valence<\/p>\n<p><strong>&#8211; Param\u00e8tres du navigateur :<br \/>\n<\/strong><\/p>\n<p>Browser bieten zahlreiche Einstellungen, die es den Nutzern erm\u00f6glichen, eine Wahl in Bezug auf Cookies zu treffen. Unabh\u00e4ngig von ihrem Zweck k\u00f6nnen Sie Cookies, die auf Ihrem Endger\u00e4t abgelegt werden, zulassen, blockieren oder l\u00f6schen, indem Sie die Optionen Ihres Browsers einstellen. F\u00fcr die g\u00e4ngigsten Browser finden Sie Hinweise \u00fcber die folgenden Links:<\/p>\n<ul>\n<li style=\"list-style-type: none;\">\n<ul>\n<li><a href=\"https:\/\/support.microsoft.com\/fr-fr\/help\/17442\/windows-internet-explorer-delete-manage-cookies\">Internet Explorer<\/a><\/li>\n<li><a href=\"https:\/\/support.apple.com\/fr-fr\/guide\/safari\/sfri11471\/mac\">Safari<\/a><\/li>\n<li><a href=\"https:\/\/support.google.com\/chrome\/answer\/95647?co=GENIE.Platform%3DDesktop&amp;hl=fr\">Chrome<\/a><\/li>\n<li><a href=\"https:\/\/support.mozilla.org\/fr\/kb\/autoriser-bloquer-cookies-preferences-sites?redirectlocale=fr&amp;redirectslug=activer-desactiver-cookies\">Firefox<\/a><\/li>\n<li><u>Edge\u00a0:\u00a0<\/u><a href=\"https:\/\/support.microsoft.com\/fr-fr\/microsoft-edge\/supprimer-les-cookies-dans-microsoft-edge-63947406-40ac-c3b8-57b9-2a946a29ae09\">Supprimer les cookies dans Microsoft\u00a0Edge<\/a><\/li>\n<li>Opera\u00a0:<a href=\"https:\/\/help.opera.com\/Windows\/10.20\/fr\/cookies.html\"> https:\/\/help.opera.com\/Windows\/10.20\/fr\/cookies.html<\/a><\/li>\n<\/ul>\n<\/li>\n<\/ul>\n<p>[\/vc_column_text][vc_column_text]<\/p>\n<h2><span style=\"color: #7acdf4;\">4. Aus\u00fcbung Ihrer Rechte:<\/span><\/h2>\n<p>[\/vc_column_text][vc_column_text css=&#8220;.vc_custom_1668782893092{border-left-width: 2px !important;padding-right: 20px !important;padding-left: 20px !important;border-left-color: #7acdf4 !important;border-left-style: solid !important;}&#8220;]Gem\u00e4\u00df den Rechtsvorschriften \u00fcber den Schutz personenbezogener Daten haben Sie das Recht, auf die Sie betreffenden personenbezogenen Daten zuzugreifen, sie zu berichtigen, zu widersprechen, einzuschr\u00e4nken und zu l\u00f6schen. Sie k\u00f6nnen dieses Recht jederzeit aus\u00fcben, indem Sie den Datenschutzbeauftragten (DPO) per unterzeichnetem Schreiben mit der Kopie eines Identit\u00e4tsnachweises an die folgende Adresse kontaktieren:<\/p>\n<p>Per Post: 2POOLSIN1 105 rue des Mourettes, 26 000 Valence[\/vc_column_text][\/vc_column][\/vc_row]<\/p>\n<\/div>","protected":false},"excerpt":{"rendered":"<p>[vc_row full_width=&#8220;stretch_row_content&#8220; css=&#8220;.vc_custom_1644059061038{background-position: center !important;background-repeat: no-repeat !important;background-size: cover !important;}&#8220;][vc_column css=&#8220;.vc_custom_1644059054726{margin-top: 50px !important;margin-bottom: 30px !important;}&#8220;][\/vc_column][\/vc_row][vc_row gap=&#8220;30&#8243; equal_height=&#8220;yes&#8220; css=&#8220;.vc_custom_1643819342671{margin-bottom: 0px !important;}&#8220;][vc_column][vc_column_text] Willkommen auf der Website von 2POOLSIN1. [\/vc_column_text][vc_column_text css=&#8220;.vc_custom_1668782301331{padding-right: 10px !important;padding-left: 10px !important;}&#8220;] Unsere Richtlinien zur Verwendung von Cookies sollen Sie dar\u00fcber informieren, wie wir Navigationsdaten oder andere Informationen im Zusammenhang mit dem Zugriff auf und der&hellip;<\/p>\n","protected":false},"author":1,"featured_media":0,"parent":0,"menu_order":0,"comment_status":"closed","ping_status":"closed","template":"","meta":{"inline_featured_image":false,"footnotes":""},"class_list":["post-2420","page","type-page","status-publish","hentry","description-off"],"yoast_head":"<!-- This site is optimized with the Yoast SEO plugin v26.7 - https:\/\/yoast.com\/wordpress\/plugins\/seo\/ -->\n<title>Verwaltung von Cookies - 2 Pools In 1<\/title>\n<meta name=\"robots\" content=\"index, follow, max-snippet:-1, max-image-preview:large, max-video-preview:-1\" \/>\n<link rel=\"canonical\" href=\"https:\/\/2poolsin1.fr\/de\/verwaltung-von-cookies\/\" \/>\n<meta property=\"og:locale\" content=\"de_DE\" \/>\n<meta property=\"og:type\" content=\"article\" \/>\n<meta property=\"og:title\" content=\"Verwaltung von Cookies - 2 Pools In 1\" \/>\n<meta property=\"og:description\" content=\"[vc_row full_width=&#8220;stretch_row_content&#8220; css=&#8220;.vc_custom_1644059061038{background-position: center !important;background-repeat: no-repeat !important;background-size: cover !important;}&#8220;][vc_column css=&#8220;.vc_custom_1644059054726{margin-top: 50px !important;margin-bottom: 30px !important;}&#8220;][\/vc_column][\/vc_row][vc_row gap=&#8220;30&#8243; equal_height=&#8220;yes&#8220; css=&#8220;.vc_custom_1643819342671{margin-bottom: 0px !important;}&#8220;][vc_column][vc_column_text] Willkommen auf der Website von 2POOLSIN1. [\/vc_column_text][vc_column_text css=&#8220;.vc_custom_1668782301331{padding-right: 10px !important;padding-left: 10px !important;}&#8220;] Unsere Richtlinien zur Verwendung von Cookies sollen Sie dar\u00fcber informieren, wie wir Navigationsdaten oder andere Informationen im Zusammenhang mit dem Zugriff auf und der&hellip;\" \/>\n<meta property=\"og:url\" content=\"https:\/\/2poolsin1.fr\/de\/verwaltung-von-cookies\/\" \/>\n<meta property=\"og:site_name\" content=\"2 Pools In 1\" \/>\n<meta property=\"article:modified_time\" content=\"2022-11-18T14:49:41+00:00\" \/>\n<meta name=\"twitter:card\" content=\"summary_large_image\" \/>\n<meta name=\"twitter:label1\" content=\"Gesch\u00e4tzte Lesezeit\" \/>\n\t<meta name=\"twitter:data1\" content=\"9\u00a0Minuten\" \/>\n<script type=\"application\/ld+json\" class=\"yoast-schema-graph\">{\"@context\":\"https:\/\/schema.org\",\"@graph\":[{\"@type\":\"WebPage\",\"@id\":\"https:\/\/2poolsin1.fr\/de\/verwaltung-von-cookies\/\",\"url\":\"https:\/\/2poolsin1.fr\/de\/verwaltung-von-cookies\/\",\"name\":\"Verwaltung von Cookies - 2 Pools In 1\",\"isPartOf\":{\"@id\":\"https:\/\/2poolsin1.fr\/de\/#website\"},\"datePublished\":\"2022-03-07T08:25:34+00:00\",\"dateModified\":\"2022-11-18T14:49:41+00:00\",\"breadcrumb\":{\"@id\":\"https:\/\/2poolsin1.fr\/de\/verwaltung-von-cookies\/#breadcrumb\"},\"inLanguage\":\"de\",\"potentialAction\":[{\"@type\":\"ReadAction\",\"target\":[\"https:\/\/2poolsin1.fr\/de\/verwaltung-von-cookies\/\"]}]},{\"@type\":\"BreadcrumbList\",\"@id\":\"https:\/\/2poolsin1.fr\/de\/verwaltung-von-cookies\/#breadcrumb\",\"itemListElement\":[{\"@type\":\"ListItem\",\"position\":1,\"name\":\"Accueil\",\"item\":\"https:\/\/2poolsin1.fr\/de\/\"},{\"@type\":\"ListItem\",\"position\":2,\"name\":\"Verwaltung von Cookies\"}]},{\"@type\":\"WebSite\",\"@id\":\"https:\/\/2poolsin1.fr\/de\/#website\",\"url\":\"https:\/\/2poolsin1.fr\/de\/\",\"name\":\"2 Pools In 1\",\"description\":\"Cr\u00e9ateur de structures mobiles pour piscines 2 en 1 \u00c9t\u00e9 \/ hiver\",\"potentialAction\":[{\"@type\":\"SearchAction\",\"target\":{\"@type\":\"EntryPoint\",\"urlTemplate\":\"https:\/\/2poolsin1.fr\/de\/?s={search_term_string}\"},\"query-input\":{\"@type\":\"PropertyValueSpecification\",\"valueRequired\":true,\"valueName\":\"search_term_string\"}}],\"inLanguage\":\"de\"}]}<\/script>\n<!-- \/ Yoast SEO plugin. -->","yoast_head_json":{"title":"Verwaltung von Cookies - 2 Pools In 1","robots":{"index":"index","follow":"follow","max-snippet":"max-snippet:-1","max-image-preview":"max-image-preview:large","max-video-preview":"max-video-preview:-1"},"canonical":"https:\/\/2poolsin1.fr\/de\/verwaltung-von-cookies\/","og_locale":"de_DE","og_type":"article","og_title":"Verwaltung von Cookies - 2 Pools In 1","og_description":"[vc_row full_width=&#8220;stretch_row_content&#8220; css=&#8220;.vc_custom_1644059061038{background-position: center !important;background-repeat: no-repeat !important;background-size: cover !important;}&#8220;][vc_column css=&#8220;.vc_custom_1644059054726{margin-top: 50px !important;margin-bottom: 30px !important;}&#8220;][\/vc_column][\/vc_row][vc_row gap=&#8220;30&#8243; equal_height=&#8220;yes&#8220; css=&#8220;.vc_custom_1643819342671{margin-bottom: 0px !important;}&#8220;][vc_column][vc_column_text] Willkommen auf der Website von 2POOLSIN1. [\/vc_column_text][vc_column_text css=&#8220;.vc_custom_1668782301331{padding-right: 10px !important;padding-left: 10px !important;}&#8220;] Unsere Richtlinien zur Verwendung von Cookies sollen Sie dar\u00fcber informieren, wie wir Navigationsdaten oder andere Informationen im Zusammenhang mit dem Zugriff auf und der&hellip;","og_url":"https:\/\/2poolsin1.fr\/de\/verwaltung-von-cookies\/","og_site_name":"2 Pools In 1","article_modified_time":"2022-11-18T14:49:41+00:00","twitter_card":"summary_large_image","twitter_misc":{"Gesch\u00e4tzte Lesezeit":"9\u00a0Minuten"},"schema":{"@context":"https:\/\/schema.org","@graph":[{"@type":"WebPage","@id":"https:\/\/2poolsin1.fr\/de\/verwaltung-von-cookies\/","url":"https:\/\/2poolsin1.fr\/de\/verwaltung-von-cookies\/","name":"Verwaltung von Cookies - 2 Pools In 1","isPartOf":{"@id":"https:\/\/2poolsin1.fr\/de\/#website"},"datePublished":"2022-03-07T08:25:34+00:00","dateModified":"2022-11-18T14:49:41+00:00","breadcrumb":{"@id":"https:\/\/2poolsin1.fr\/de\/verwaltung-von-cookies\/#breadcrumb"},"inLanguage":"de","potentialAction":[{"@type":"ReadAction","target":["https:\/\/2poolsin1.fr\/de\/verwaltung-von-cookies\/"]}]},{"@type":"BreadcrumbList","@id":"https:\/\/2poolsin1.fr\/de\/verwaltung-von-cookies\/#breadcrumb","itemListElement":[{"@type":"ListItem","position":1,"name":"Accueil","item":"https:\/\/2poolsin1.fr\/de\/"},{"@type":"ListItem","position":2,"name":"Verwaltung von Cookies"}]},{"@type":"WebSite","@id":"https:\/\/2poolsin1.fr\/de\/#website","url":"https:\/\/2poolsin1.fr\/de\/","name":"2 Pools In 1","description":"Cr\u00e9ateur de structures mobiles pour piscines 2 en 1 \u00c9t\u00e9 \/ hiver","potentialAction":[{"@type":"SearchAction","target":{"@type":"EntryPoint","urlTemplate":"https:\/\/2poolsin1.fr\/de\/?s={search_term_string}"},"query-input":{"@type":"PropertyValueSpecification","valueRequired":true,"valueName":"search_term_string"}}],"inLanguage":"de"}]}},"_links":{"self":[{"href":"https:\/\/2poolsin1.fr\/de\/wp-json\/wp\/v2\/pages\/2420","targetHints":{"allow":["GET"]}}],"collection":[{"href":"https:\/\/2poolsin1.fr\/de\/wp-json\/wp\/v2\/pages"}],"about":[{"href":"https:\/\/2poolsin1.fr\/de\/wp-json\/wp\/v2\/types\/page"}],"author":[{"embeddable":true,"href":"https:\/\/2poolsin1.fr\/de\/wp-json\/wp\/v2\/users\/1"}],"replies":[{"embeddable":true,"href":"https:\/\/2poolsin1.fr\/de\/wp-json\/wp\/v2\/comments?post=2420"}],"version-history":[{"count":4,"href":"https:\/\/2poolsin1.fr\/de\/wp-json\/wp\/v2\/pages\/2420\/revisions"}],"predecessor-version":[{"id":2424,"href":"https:\/\/2poolsin1.fr\/de\/wp-json\/wp\/v2\/pages\/2420\/revisions\/2424"}],"wp:attachment":[{"href":"https:\/\/2poolsin1.fr\/de\/wp-json\/wp\/v2\/media?parent=2420"}],"curies":[{"name":"wp","href":"https:\/\/api.w.org\/{rel}","templated":true}]}}